{"id":835,"date":"2016-05-04T17:00:17","date_gmt":"2016-05-04T15:00:17","guid":{"rendered":"https:\/\/cliniquego.com\/en\/regions-desservies\/"},"modified":"2022-10-10T10:40:56","modified_gmt":"2022-10-10T08:40:56","slug":"territories-served","status":"publish","type":"page","link":"https:\/\/cliniquego.com\/en\/territories-served\/","title":{"rendered":"TERRITORIES SERVED"},"content":{"rendered":"<div class=\"vce-row-container\" data-vce-boxed-width=\"true\"><div class=\"vce-row vce-element--has-background vce-row--col-gap-0 heading-banner vce-row-content--top\" id=\"el-c54d93bf\" data-vce-do-apply=\"all el-c54d93bf\"><div class=\"vce-content-background-container\"><div class=\"vce-asset-background-simple-container vce-visible-all-only vce-asset-background-simple--style-cover vce-asset-background-simple--position-center-center\"><div class=\"vce-asset-background-simple\">\n              <div style='background-image: url(\"https:\/\/cliniquego.com\/2016\/wp-content\/uploads\/2021\/08\/header-home.png\");'  class=\"vce-asset-background-simple-item vcv-lozad\" ><\/div>\n              <noscript>\n                <div class=\"vce-asset-background-simple-item\" style=\"background-image: url(https:\/\/cliniquego.com\/2016\/wp-content\/uploads\/2021\/08\/header-home.png)\"><\/div>\n              <\/noscript>\n            <\/div><\/div><\/div><div class=\"vce-row-content\" data-vce-element-content=\"true\"><div class=\"vce-col vce-col--md-auto vce-col--xs-1 vce-col--xs-last vce-col--xs-first vce-col--sm-last vce-col--sm-first vce-col--md-last vce-col--lg-last vce-col--xl-last vce-col--md-first vce-col--lg-first vce-col--xl-first\" id=\"el-6daecb3d\"><div class=\"vce-col-inner\" data-vce-do-apply=\"border margin background  el-6daecb3d\"><div class=\"vce-col-content\" data-vce-element-content=\"true\" data-vce-do-apply=\"padding el-6daecb3d\"><div class=\"vce-text-block max-w-600 white  fs30 blackl lh40 center pt-275  mobile pb-40 pt-155-mobile\"><div class=\"vce-text-block-wrapper vce\" id=\"el-3202cfac\" data-vce-do-apply=\"all el-3202cfac\"><h1 class=\"uppercase\">Territories served<\/h1><\/div><\/div><div class=\"vce-text-block pb-275 center pb-285-mobile\"><div class=\"vce-text-block-wrapper vce\" id=\"el-05bb3c64\" data-vce-do-apply=\"all el-05bb3c64\"><a class=\"large-button center\" href=\"https:\/\/www.gorendezvous.com\/clinique-go\">Book now<\/a><\/div><\/div><\/div><\/div><\/div><\/div><\/div><\/div><div class=\"vce-row-container\" data-vce-boxed-width=\"true\"><div class=\"vce-row vce-row--col-gap-30 max-w-1088 vce-row-equal-height vce-row-content--top\" id=\"el-3e9bee69\" data-vce-do-apply=\"all el-3e9bee69\"><div class=\"vce-row-content\" data-vce-element-content=\"true\"><div class=\"vce-col vce-col--md-auto vce-col--xs-1 vce-col--xs-last vce-col--xs-first vce-col--sm-last vce-col--sm-first vce-col--md-last vce-col--lg-last vce-col--xl-last vce-col--md-first vce-col--lg-first vce-col--xl-first\" id=\"el-249b9ea0\"><div class=\"vce-col-inner\" data-vce-do-apply=\"border margin background  el-249b9ea0\"><div class=\"vce-col-content\" data-vce-element-content=\"true\" data-vce-do-apply=\"padding el-249b9ea0\"><div class=\"vce-shortcode\"><div class=\"vce-shortcode-wrapper vce\" id=\"el-61fbe8c1\" data-vce-do-apply=\"all el-61fbe8c1\"><span><span><a href=\"https:\/\/cliniquego.com\/en\/\">Clinique GO\u2122<\/a><\/span><\/span><\/div><\/div><\/div><\/div><\/div><\/div><\/div><\/div><div class=\"vce-row-container\" data-vce-boxed-width=\"true\"><div class=\"vce-row vce-row--col-gap-30 max-w-1088 pt-80 vce-row-equal-height vce-row-content--top\" id=\"el-9d6d8d8b\" data-vce-do-apply=\"all el-9d6d8d8b\"><div class=\"vce-row-content\" data-vce-element-content=\"true\"><div class=\"vce-col vce-col--md-auto vce-col--xs-1 vce-col--xs-last vce-col--xs-first vce-col--sm-last vce-col--sm-first vce-col--md-last vce-col--lg-last vce-col--xl-last vce-col--md-first vce-col--lg-first vce-col--xl-first\" id=\"el-99fea934\"><div class=\"vce-col-inner\" data-vce-do-apply=\"border margin background  el-99fea934\"><div class=\"vce-col-content\" data-vce-element-content=\"true\" data-vce-do-apply=\"padding el-99fea934\"><div class=\"vce-single-image-container pb-30 pb-25-mobile vce-single-image--align-center\" id=\"virtual-health-care\"><div class=\"vce vce-single-image-wrapper\" id=\"el-a30eb6ac\" data-vce-do-apply=\"all el-a30eb6ac\"><figure><div class=\"vce-single-image-figure-inner\" style=\"width: 475px;\"><div class=\"vce-single-image-inner vce-single-image--absolute\" style=\"width: 100%; padding-bottom: 100%;\"><img decoding=\"async\" class=\"vce-single-image\" src=\"https:\/\/cliniquego.com\/2016\/wp-content\/uploads\/2021\/09\/quebec.png\" data-img-src=\"https:\/\/cliniquego.com\/2016\/wp-content\/uploads\/2021\/09\/quebec.png\" data-attachment-id=\"8381\" alt=\"regions du soins de sant\u00e9\" title=\"quebec\"><\/div><\/div><figcaption hidden=\"\"><\/figcaption><\/figure><\/div><\/div><div class=\"vce-text-block center pb-50\"><div class=\"vce-text-block-wrapper vce\" id=\"el-9396a84a\" data-vce-do-apply=\"all el-9396a84a\"><h2 class=\"fs39 heavy lh50 plr-90 no-plr\">In which areas are <span class=\"bleu\">our virtual health care <span class=\"nowrap\">services available\u2009 <\/span>\u2009?<\/span><\/h2><br><p class=\"fs26 lh32\">Our virtual health care are available everywhere in Quebec.<\/p><\/div><\/div><div class=\"vce-text-block center pb-90\"><div class=\"vce-text-block-wrapper vce\" id=\"el-6de291b4\" data-vce-do-apply=\"all el-6de291b4\"><a class=\"bleu-button-xl ombre center\" href=\"https:\/\/www.gorendezvous.com\/clinique-go\">Book now<\/a><\/div><\/div><div class=\"vce-single-image-container pb-30 pb-25-mobile vce-single-image--align-center\" id=\"physicans-health-care-professionals\"><div class=\"vce vce-single-image-wrapper\" id=\"el-ec5dd4c5\" data-vce-do-apply=\"all el-ec5dd4c5\"><figure><div class=\"vce-single-image-figure-inner\" style=\"width: 475px;\"><div class=\"vce-single-image-inner vce-single-image--absolute\" style=\"width: 100%; padding-bottom: 100%;\"><img decoding=\"async\" class=\"vce-single-image\" src=\"https:\/\/cliniquego.com\/2016\/wp-content\/uploads\/2021\/09\/regions.png\" data-img-src=\"https:\/\/cliniquego.com\/2016\/wp-content\/uploads\/2021\/09\/regions.png\" data-attachment-id=\"8372\" alt=\"r\u00e9gions de nos medecins\" title=\"regions\"><\/div><\/div><figcaption hidden=\"\"><\/figcaption><\/figure><\/div><\/div><div class=\"vce-text-block center pb-50\"><div class=\"vce-text-block-wrapper vce\" id=\"el-8bc01ea4\" data-vce-do-apply=\"all el-8bc01ea4\"><h2 class=\"fs39 heavy lh50 plr-50 no-plr\">Which areas are served by <span class=\"bleu\">our health care  <\/span> <span class=\"nowrap\">\u2009professionals ?<\/span><\/h2><br><p class=\"fs26 lh32 plr-139 no-plr\">Our home services are available on the Island of Montreal and in Laval.<br>Some of our services are also available in Mont\u00e9r\u00e9gie (Longueuil, Boucherville and Brossard).<\/p><\/div><\/div><div class=\"vce-text-block center pb-130\"><div class=\"vce-text-block-wrapper vce\" id=\"el-08fb6884\" data-vce-do-apply=\"all el-08fb6884\"><a class=\"bleu-button-xl ombre center\" href=\"https:\/\/www.gorendezvous.com\/clinique-go\">Book now<\/a><\/div><\/div><\/div><\/div><\/div><\/div><\/div><\/div>\n","protected":false},"excerpt":{"rendered":"<p>Territories servedBook nowIn which areas are our virtual health care services available\u2009 \u2009?Our virtual health care are available everywhere in Quebec.Book nowWhich areas are served by our health care \u2009professionals [&hellip;]<\/p>\n","protected":false},"author":17,"featured_media":0,"parent":0,"menu_order":0,"comment_status":"closed","ping_status":"closed","template":"","meta":{"_acf_changed":false,"footnotes":""},"class_list":["post-835","page","type-page","status-publish","hentry"],"acf":[],"yoast_head":"<!-- This site is optimized with the Yoast SEO plugin v27.2 - https:\/\/yoast.com\/product\/yoast-seo-wordpress\/ -->\n<title>R\u00e9gions desservies | Ergoth\u00e9rapeutes de la Clinique Go \u00e0 Montr\u00e9al<\/title>\n<meta name=\"description\" content=\"Les professionnels de la sant\u00e9 de la Clinique GO\u2122 (physio, ergo, masso, travailleur social, etc.) offre leurs services dans la grande r\u00e9gion de Montr\u00e9al.\" \/>\n<meta name=\"robots\" content=\"index, follow, max-snippet:-1, max-image-preview:large, max-video-preview:-1\" \/>\n<link rel=\"canonical\" href=\"https:\/\/cliniquego.com\/en\/territories-served\/\" \/>\n<meta property=\"og:locale\" content=\"en_US\" \/>\n<meta property=\"og:type\" content=\"article\" \/>\n<meta property=\"og:title\" content=\"R\u00e9gions desservies | Ergoth\u00e9rapeutes de la Clinique Go \u00e0 Montr\u00e9al\" \/>\n<meta property=\"og:description\" content=\"Les professionnels de la sant\u00e9 de la Clinique GO\u2122 (physio, ergo, masso, travailleur social, etc.) offre leurs services dans la grande r\u00e9gion de Montr\u00e9al.\" \/>\n<meta property=\"og:url\" content=\"https:\/\/cliniquego.com\/en\/territories-served\/\" \/>\n<meta property=\"og:site_name\" content=\"Clinique GO\u2122\" \/>\n<meta property=\"article:modified_time\" content=\"2022-10-10T08:40:56+00:00\" \/>\n<meta name=\"twitter:card\" content=\"summary_large_image\" \/>\n<script type=\"application\/ld+json\" class=\"yoast-schema-graph\">{\"@context\":\"https:\/\/schema.org\",\"@graph\":[{\"@type\":\"WebPage\",\"@id\":\"https:\/\/cliniquego.com\/en\/territories-served\/\",\"url\":\"https:\/\/cliniquego.com\/en\/territories-served\/\",\"name\":\"R\u00e9gions desservies | Ergoth\u00e9rapeutes de la Clinique Go \u00e0 Montr\u00e9al\",\"isPartOf\":{\"@id\":\"https:\/\/cliniquego.com\/en\/#website\"},\"datePublished\":\"2016-05-04T15:00:17+00:00\",\"dateModified\":\"2022-10-10T08:40:56+00:00\",\"description\":\"Les professionnels de la sant\u00e9 de la Clinique GO\u2122 (physio, ergo, masso, travailleur social, etc.) offre leurs services dans la grande r\u00e9gion de Montr\u00e9al.\",\"breadcrumb\":{\"@id\":\"https:\/\/cliniquego.com\/en\/territories-served\/#breadcrumb\"},\"inLanguage\":\"en-US\",\"potentialAction\":[{\"@type\":\"ReadAction\",\"target\":[\"https:\/\/cliniquego.com\/en\/territories-served\/\"]}]},{\"@type\":\"BreadcrumbList\",\"@id\":\"https:\/\/cliniquego.com\/en\/territories-served\/#breadcrumb\",\"itemListElement\":[{\"@type\":\"ListItem\",\"position\":1,\"name\":\"Clinique GO\u2122\",\"item\":\"https:\/\/cliniquego.com\/en\/\"},{\"@type\":\"ListItem\",\"position\":2,\"name\":\"TERRITORIES SERVED\"}]},{\"@type\":\"WebSite\",\"@id\":\"https:\/\/cliniquego.com\/en\/#website\",\"url\":\"https:\/\/cliniquego.com\/en\/\",\"name\":\"Clinique GO\u2122\",\"description\":\"Clinique en sant\u00e9 \u00e0 domicile et en entreprise\",\"publisher\":{\"@id\":\"https:\/\/cliniquego.com\/en\/#organization\"},\"potentialAction\":[{\"@type\":\"SearchAction\",\"target\":{\"@type\":\"EntryPoint\",\"urlTemplate\":\"https:\/\/cliniquego.com\/en\/?s={search_term_string}\"},\"query-input\":{\"@type\":\"PropertyValueSpecification\",\"valueRequired\":true,\"valueName\":\"search_term_string\"}}],\"inLanguage\":\"en-US\"},{\"@type\":\"Organization\",\"@id\":\"https:\/\/cliniquego.com\/en\/#organization\",\"name\":\"Clinique GO\u2122\",\"url\":\"https:\/\/cliniquego.com\/en\/\",\"logo\":{\"@type\":\"ImageObject\",\"inLanguage\":\"en-US\",\"@id\":\"https:\/\/cliniquego.com\/en\/#\/schema\/logo\/image\/\",\"url\":\"https:\/\/cliniquego.com\/2016\/wp-content\/uploads\/2021\/08\/Layer-1.svg\",\"contentUrl\":\"https:\/\/cliniquego.com\/2016\/wp-content\/uploads\/2021\/08\/Layer-1.svg\",\"width\":101,\"height\":85,\"caption\":\"Clinique GO\u2122\"},\"image\":{\"@id\":\"https:\/\/cliniquego.com\/en\/#\/schema\/logo\/image\/\"}}]}<\/script>\n<!-- \/ Yoast SEO plugin. -->","yoast_head_json":{"title":"R\u00e9gions desservies | Ergoth\u00e9rapeutes de la Clinique Go \u00e0 Montr\u00e9al","description":"Les professionnels de la sant\u00e9 de la Clinique GO\u2122 (physio, ergo, masso, travailleur social, etc.) offre leurs services dans la grande r\u00e9gion de Montr\u00e9al.","robots":{"index":"index","follow":"follow","max-snippet":"max-snippet:-1","max-image-preview":"max-image-preview:large","max-video-preview":"max-video-preview:-1"},"canonical":"https:\/\/cliniquego.com\/en\/territories-served\/","og_locale":"en_US","og_type":"article","og_title":"R\u00e9gions desservies | Ergoth\u00e9rapeutes de la Clinique Go \u00e0 Montr\u00e9al","og_description":"Les professionnels de la sant\u00e9 de la Clinique GO\u2122 (physio, ergo, masso, travailleur social, etc.) offre leurs services dans la grande r\u00e9gion de Montr\u00e9al.","og_url":"https:\/\/cliniquego.com\/en\/territories-served\/","og_site_name":"Clinique GO\u2122","article_modified_time":"2022-10-10T08:40:56+00:00","twitter_card":"summary_large_image","schema":{"@context":"https:\/\/schema.org","@graph":[{"@type":"WebPage","@id":"https:\/\/cliniquego.com\/en\/territories-served\/","url":"https:\/\/cliniquego.com\/en\/territories-served\/","name":"R\u00e9gions desservies | Ergoth\u00e9rapeutes de la Clinique Go \u00e0 Montr\u00e9al","isPartOf":{"@id":"https:\/\/cliniquego.com\/en\/#website"},"datePublished":"2016-05-04T15:00:17+00:00","dateModified":"2022-10-10T08:40:56+00:00","description":"Les professionnels de la sant\u00e9 de la Clinique GO\u2122 (physio, ergo, masso, travailleur social, etc.) offre leurs services dans la grande r\u00e9gion de Montr\u00e9al.","breadcrumb":{"@id":"https:\/\/cliniquego.com\/en\/territories-served\/#breadcrumb"},"inLanguage":"en-US","potentialAction":[{"@type":"ReadAction","target":["https:\/\/cliniquego.com\/en\/territories-served\/"]}]},{"@type":"BreadcrumbList","@id":"https:\/\/cliniquego.com\/en\/territories-served\/#breadcrumb","itemListElement":[{"@type":"ListItem","position":1,"name":"Clinique GO\u2122","item":"https:\/\/cliniquego.com\/en\/"},{"@type":"ListItem","position":2,"name":"TERRITORIES SERVED"}]},{"@type":"WebSite","@id":"https:\/\/cliniquego.com\/en\/#website","url":"https:\/\/cliniquego.com\/en\/","name":"Clinique GO\u2122","description":"Clinique en sant\u00e9 \u00e0 domicile et en entreprise","publisher":{"@id":"https:\/\/cliniquego.com\/en\/#organization"},"potentialAction":[{"@type":"SearchAction","target":{"@type":"EntryPoint","urlTemplate":"https:\/\/cliniquego.com\/en\/?s={search_term_string}"},"query-input":{"@type":"PropertyValueSpecification","valueRequired":true,"valueName":"search_term_string"}}],"inLanguage":"en-US"},{"@type":"Organization","@id":"https:\/\/cliniquego.com\/en\/#organization","name":"Clinique GO\u2122","url":"https:\/\/cliniquego.com\/en\/","logo":{"@type":"ImageObject","inLanguage":"en-US","@id":"https:\/\/cliniquego.com\/en\/#\/schema\/logo\/image\/","url":"https:\/\/cliniquego.com\/2016\/wp-content\/uploads\/2021\/08\/Layer-1.svg","contentUrl":"https:\/\/cliniquego.com\/2016\/wp-content\/uploads\/2021\/08\/Layer-1.svg","width":101,"height":85,"caption":"Clinique GO\u2122"},"image":{"@id":"https:\/\/cliniquego.com\/en\/#\/schema\/logo\/image\/"}}]}},"_links":{"self":[{"href":"https:\/\/cliniquego.com\/en\/wp-json\/wp\/v2\/pages\/835","targetHints":{"allow":["GET"]}}],"collection":[{"href":"https:\/\/cliniquego.com\/en\/wp-json\/wp\/v2\/pages"}],"about":[{"href":"https:\/\/cliniquego.com\/en\/wp-json\/wp\/v2\/types\/page"}],"author":[{"embeddable":true,"href":"https:\/\/cliniquego.com\/en\/wp-json\/wp\/v2\/users\/17"}],"replies":[{"embeddable":true,"href":"https:\/\/cliniquego.com\/en\/wp-json\/wp\/v2\/comments?post=835"}],"version-history":[{"count":0,"href":"https:\/\/cliniquego.com\/en\/wp-json\/wp\/v2\/pages\/835\/revisions"}],"wp:attachment":[{"href":"https:\/\/cliniquego.com\/en\/wp-json\/wp\/v2\/media?parent=835"}],"curies":[{"name":"wp","href":"https:\/\/api.w.org\/{rel}","templated":true}]}}