{"id":827,"date":"2016-05-03T15:16:00","date_gmt":"2016-05-03T13:16:00","guid":{"rendered":"https:\/\/cliniquego.com\/en\/about-us\/philosophie\/"},"modified":"2021-11-23T16:51:43","modified_gmt":"2021-11-23T15:51:43","slug":"mission-values","status":"publish","type":"page","link":"https:\/\/cliniquego.com\/en\/mission-values\/","title":{"rendered":"Mission &#038; Values"},"content":{"rendered":"<div class=\"vce-row-container\" data-vce-boxed-width=\"true\"><div class=\"vce-row vce-element--has-background vce-row--col-gap-0 heading-banner vce-row-content--top\" id=\"el-0cd34951\" data-vce-do-apply=\"all el-0cd34951\"><div class=\"vce-content-background-container\"><div class=\"vce-asset-background-simple-container vce-visible-all-only vce-asset-background-simple--style-cover vce-asset-background-simple--position-center-center\"><div class=\"vce-asset-background-simple\">\n              <div style='background-image: url(\"https:\/\/cliniquego.com\/2016\/wp-content\/uploads\/2021\/08\/header-home.png\");'  class=\"vce-asset-background-simple-item vcv-lozad\" ><\/div>\n              <noscript>\n                <div class=\"vce-asset-background-simple-item\" style=\"background-image: url(https:\/\/cliniquego.com\/2016\/wp-content\/uploads\/2021\/08\/header-home.png)\"><\/div>\n              <\/noscript>\n            <\/div><\/div><\/div><div class=\"vce-row-content\" data-vce-element-content=\"true\"><div class=\"vce-col vce-col--md-auto vce-col--xs-1 vce-col--xs-last vce-col--xs-first vce-col--sm-last vce-col--sm-first vce-col--md-last vce-col--lg-last vce-col--xl-last vce-col--md-first vce-col--lg-first vce-col--xl-first\" id=\"el-8d78cb51\"><div class=\"vce-col-inner\" data-vce-do-apply=\"border margin background  el-8d78cb51\"><div class=\"vce-col-content\" data-vce-element-content=\"true\" data-vce-do-apply=\"padding el-8d78cb51\"><div class=\"vce-text-block  white  fs30 blackl lh40 title-mission\"><div class=\"vce-text-block-wrapper vce\" id=\"el-86f84168\" data-vce-do-apply=\"all el-86f84168\"><h1 style=\"text-align: center;\">MISSION &amp; VALUES<\/h1><\/div><\/div><\/div><\/div><\/div><\/div><\/div><\/div><div class=\"vce-row-container\" data-vce-boxed-width=\"true\"><div class=\"vce-row vce-row--col-gap-0 pl-416 vce-row-content--top\" id=\"el-4637dd87\" data-vce-do-apply=\"all el-4637dd87\"><div class=\"vce-content-background-container\"><\/div><div class=\"vce-row-content\" data-vce-element-content=\"true\"><div class=\"vce-col vce-col--md-auto vce-col--xs-1 vce-col--xs-last vce-col--xs-first vce-col--sm-last vce-col--sm-first vce-col--md-last vce-col--lg-last vce-col--xl-last vce-col--md-first vce-col--lg-first vce-col--xl-first\" id=\"el-fb059ed0\"><div class=\"vce-col-inner\" data-vce-do-apply=\"border margin background  el-fb059ed0\"><div class=\"vce-col-content\" data-vce-element-content=\"true\" data-vce-do-apply=\"padding el-fb059ed0\"><div class=\"vce-row-container\" data-vce-boxed-width=\"true\"><div class=\"vce-row vce-row--col-gap-0 vce-row-content--top\" id=\"el-00ccd306\" data-vce-do-apply=\"all el-00ccd306\"><div class=\"vce-row-content\" data-vce-element-content=\"true\"><div class=\"vce-col vce-col--md-auto vce-col--xs-1 vce-col--xs-last vce-col--xs-first vce-col--sm-last vce-col--sm-first vce-col--md-last vce-col--lg-last vce-col--xl-last vce-col--md-first vce-col--lg-first vce-col--xl-first\" id=\"el-9a1b4735\"><div class=\"vce-col-inner\" data-vce-do-apply=\"border margin background  el-9a1b4735\"><div class=\"vce-col-content\" data-vce-element-content=\"true\" data-vce-do-apply=\"padding el-9a1b4735\"><div class=\"vce-text-block pt-30 pb-60 pb-25-mobile\"><div class=\"vce-text-block-wrapper vce\" id=\"el-473ab10f\" data-vce-do-apply=\"all el-473ab10f\"><a href=\"\/\">Clinique GO\u2122<\/a> \u00bb About us \u00bb <span class=\"breadcrumb_last\" aria-current=\"page\">Mission &amp; values<\/span><\/div><\/div><\/div><\/div><\/div><\/div><\/div><\/div><\/div><\/div><\/div><\/div><\/div><\/div><div class=\"vce-row-container\" data-vce-boxed-width=\"true\"><div class=\"vce-row vce-element--has-background vce-row--col-gap-30 vce-row-equal-height vce-row-content--top\" id=\"el-06936eab\" data-vce-do-apply=\"all el-06936eab\"><div class=\"vce-content-background-container\"><\/div><div class=\"vce-row-content\" data-vce-element-content=\"true\"><div class=\"vce-col vce-col--md-auto vce-col--xs-1 vce-col--xs-last vce-col--xs-first vce-col--sm-last vce-col--sm-first vce-col--md-last vce-col--lg-last vce-col--xl-last vce-col--md-first vce-col--lg-first vce-col--xl-first\" id=\"el-76ecdfd5\"><div class=\"vce-col-inner\" data-vce-do-apply=\"border margin background  el-76ecdfd5\"><div class=\"vce-col-content\" data-vce-element-content=\"true\" data-vce-do-apply=\"padding el-76ecdfd5\"><div class=\"vce-text-block max-w-1088 center white pt-65 pb-75\"><div class=\"vce-text-block-wrapper vce\" id=\"el-ec77c2be\" data-vce-do-apply=\"all el-ec77c2be\"><h2 class=\"fs40 bold lh48 pb-30 pb-25-mobile\">OUR MISSION<\/h2><br><p class=\"fs30 blackl lh38\">Providing professional placement, virtual care, and <span class=\"nowrap\">home care services humanely.<\/span><\/p><\/div><\/div><\/div><\/div><\/div><\/div><\/div><\/div><div class=\"vce-row-container\" data-vce-boxed-width=\"true\"><div class=\"vce-row vce-row--col-gap-30 pl-377 pr-353 pt-116 plr-36-mobile vce-row-equal-height vce-row-content--top\" id=\"el-6d9ed682\" data-vce-do-apply=\"all el-6d9ed682\"><div class=\"vce-row-content\" data-vce-element-content=\"true\"><div class=\"vce-col vce-col--md-auto vce-col--xs-1 vce-col--xs-last vce-col--xs-first vce-col--sm-last vce-col--sm-first vce-col--md-last vce-col--lg-last vce-col--xl-last vce-col--md-first vce-col--lg-first vce-col--xl-first\" id=\"el-66543136\"><div class=\"vce-col-inner\" data-vce-do-apply=\"border margin background  el-66543136\"><div class=\"vce-col-content\" data-vce-element-content=\"true\" data-vce-do-apply=\"padding el-66543136\"><div class=\"vce-text-block center pb-50\"><div class=\"vce-text-block-wrapper vce\" id=\"el-cf41bda1\" data-vce-do-apply=\"all el-cf41bda1\"><h2 class=\"fs40 bold lh48 bleu\">Our values<\/h2><\/div><\/div><div class=\"vce-row-container\" data-vce-boxed-width=\"true\"><div class=\"vce-row vce-row--has-col-background vce-row--col-gap-30 pb-16 pb-20-mobile vce-row-equal-height vce-row-content--top\" id=\"el-febfd99b\" data-vce-do-apply=\"all el-febfd99b\"><div class=\"vce-row-content\" data-vce-element-content=\"true\"><div class=\"vce-col vce-element--has-background vce-col--md-auto vce-col--xs-1 vce-col--xs-last vce-col--xs-first vce-col--sm-last vce-col--sm-first vce-col--md-first vce-col--lg-first vce-col--xl-first bloc-valeur \" id=\"el-6fdf660c\"><div class=\"vce-col-inner\" data-vce-do-apply=\"border margin background  el-6fdf660c\"><div class=\"vce-content-background-container\"><div class=\"vce-asset-background-simple-container vce-visible-all-only vce-asset-background-simple--style-contain vce-asset-background-simple--position-center-center\"><div class=\"vce-asset-background-simple\">\n              <div style='background-image: url(\"https:\/\/cliniquego.com\/2016\/wp-content\/uploads\/2021\/09\/Ellipse-101.svg\");'  class=\"vce-asset-background-simple-item vcv-lozad\" ><\/div>\n              <noscript>\n                <div class=\"vce-asset-background-simple-item\" style=\"background-image: url(https:\/\/cliniquego.com\/2016\/wp-content\/uploads\/2021\/09\/Ellipse-101.svg)\"><\/div>\n              <\/noscript>\n            <\/div><\/div><\/div><div class=\"vce-col-content\" data-vce-element-content=\"true\" data-vce-do-apply=\"padding el-6fdf660c\"><div class=\"vce-text-block white center  text-valeur bloc-content\"><div class=\"vce-text-block-wrapper vce\" id=\"el-3ce9939d\" data-vce-do-apply=\"all el-3ce9939d\"><p class=\"fs30 blackl lh38\">Empathy<\/p><br>At Clinique GO\u2122, we care about our clients, employees, and partners. We care about others.<\/div><\/div><\/div><\/div><\/div><div class=\"vce-col vce-element--has-background vce-col--md-auto vce-col--xs-1 vce-col--xs-last vce-col--xs-first vce-col--sm-last vce-col--sm-first bloc-valeur\" id=\"el-0b88c31d\"><div class=\"vce-col-inner\" data-vce-do-apply=\"border margin background  el-0b88c31d\"><div class=\"vce-content-background-container\"><div class=\"vce-asset-background-simple-container vce-visible-all-only vce-asset-background-simple--style-contain vce-asset-background-simple--position-center-center\"><div class=\"vce-asset-background-simple\">\n              <div style='background-image: url(\"https:\/\/cliniquego.com\/2016\/wp-content\/uploads\/2021\/09\/Ellipse-101.svg\");'  class=\"vce-asset-background-simple-item vcv-lozad\" ><\/div>\n              <noscript>\n                <div class=\"vce-asset-background-simple-item\" style=\"background-image: url(https:\/\/cliniquego.com\/2016\/wp-content\/uploads\/2021\/09\/Ellipse-101.svg)\"><\/div>\n              <\/noscript>\n            <\/div><\/div><\/div><div class=\"vce-col-content\" data-vce-element-content=\"true\" data-vce-do-apply=\"padding el-0b88c31d\"><div class=\"vce-text-block white center  text-valeur bloc-content\"><div class=\"vce-text-block-wrapper vce\" id=\"el-a09c668a\" data-vce-do-apply=\"all el-a09c668a\"><p class=\"fs30 blackl lh38\">Warmth<\/p><br>At Clinique GO\u2122, we enjoy working together, all united in the desire to make a difference in people's lives. Our friendly atmosphere and the support offered to our employees daily promote the development of everyone.<\/div><\/div><\/div><\/div><\/div><div class=\"vce-col vce-element--has-background vce-col--md-auto vce-col--xs-1 vce-col--xs-last vce-col--xs-first vce-col--sm-last vce-col--sm-first vce-col--md-last vce-col--lg-last vce-col--xl-last bloc-valeur\" id=\"el-df229d44\"><div class=\"vce-col-inner\" data-vce-do-apply=\"border margin background  el-df229d44\"><div class=\"vce-content-background-container\"><div class=\"vce-asset-background-simple-container vce-visible-all-only vce-asset-background-simple--style-contain vce-asset-background-simple--position-center-center\"><div class=\"vce-asset-background-simple\">\n              <div style='background-image: url(\"https:\/\/cliniquego.com\/2016\/wp-content\/uploads\/2021\/09\/Ellipse-101.svg\");'  class=\"vce-asset-background-simple-item vcv-lozad\" ><\/div>\n              <noscript>\n                <div class=\"vce-asset-background-simple-item\" style=\"background-image: url(https:\/\/cliniquego.com\/2016\/wp-content\/uploads\/2021\/09\/Ellipse-101.svg)\"><\/div>\n              <\/noscript>\n            <\/div><\/div><\/div><div class=\"vce-col-content\" data-vce-element-content=\"true\" data-vce-do-apply=\"padding el-df229d44\"><div class=\"vce-text-block white center  text-valeur bloc-content\"><div class=\"vce-text-block-wrapper vce\" id=\"el-fc04594c\" data-vce-do-apply=\"all el-fc04594c\"><p class=\"fs30 blackl lh38\">Flexibility<\/p><br>At Clinique GO\u2122, we operate within a flexible framework that reinforces our adaptability.<\/div><\/div><\/div><\/div><\/div><\/div><\/div><\/div><\/div><\/div><\/div><\/div><\/div><\/div><div class=\"vce-row-container\" data-vce-boxed-width=\"true\"><div class=\"vce-row vce-row--has-col-background vce-row--col-gap-30 pl-587 pr-558 pb-100 plr-36-mobile vce-row-equal-height vce-row-content--top vcv-state--show-resizer\" id=\"el-67dbfb61\" data-vce-do-apply=\"all el-67dbfb61\"><div class=\"vce-row-content\" data-vce-element-content=\"true\"><div class=\"vce-col vce-element--has-background vce-col--md-auto vce-col--xs-1 vce-col--xs-last vce-col--xs-first vce-col--sm-last vce-col--sm-first vce-col--md-first vce-col--lg-first vce-col--xl-first bloc-valeur\" id=\"el-fb22dbe6\"><div class=\"vce-col-inner\" data-vce-do-apply=\"border margin background  el-fb22dbe6\"><div class=\"vce-content-background-container\"><div class=\"vce-asset-background-simple-container vce-visible-all-only vce-asset-background-simple--style-contain vce-asset-background-simple--position-center-center\"><div class=\"vce-asset-background-simple\">\n              <div style='background-image: url(\"https:\/\/cliniquego.com\/2016\/wp-content\/uploads\/2021\/09\/Ellipse-101.svg\");'  class=\"vce-asset-background-simple-item vcv-lozad\" ><\/div>\n              <noscript>\n                <div class=\"vce-asset-background-simple-item\" style=\"background-image: url(https:\/\/cliniquego.com\/2016\/wp-content\/uploads\/2021\/09\/Ellipse-101.svg)\"><\/div>\n              <\/noscript>\n            <\/div><\/div><\/div><div class=\"vce-col-content\" data-vce-element-content=\"true\" data-vce-do-apply=\"padding el-fb22dbe6\"><div class=\"vce-text-block white center  text-valeur bloc-content2\"><div class=\"vce-text-block-wrapper vce\" id=\"el-35057308\" data-vce-do-apply=\"all el-35057308\"><p class=\"fs30 blackl lh38\">Communication<\/p><br>At Clinique GO\u2122, we have enjoyable and genuine exchanges with our employees.\u202f We are accessible.<\/div><\/div><\/div><\/div><\/div><div class=\"vce-col vce-element--has-background vce-col--md-auto vce-col--xs-1 vce-col--xs-last vce-col--xs-first vce-col--sm-last vce-col--sm-first vce-col--md-last vce-col--lg-last vce-col--xl-last bloc-valeur\" id=\"el-c361ddb2\"><div class=\"vce-col-inner\" data-vce-do-apply=\"border margin background  el-c361ddb2\"><div class=\"vce-content-background-container\"><div class=\"vce-asset-background-simple-container vce-visible-all-only vce-asset-background-simple--style-contain vce-asset-background-simple--position-center-center\"><div class=\"vce-asset-background-simple\">\n              <div style='background-image: url(\"https:\/\/cliniquego.com\/2016\/wp-content\/uploads\/2021\/09\/Ellipse-101.svg\");'  class=\"vce-asset-background-simple-item vcv-lozad\" ><\/div>\n              <noscript>\n                <div class=\"vce-asset-background-simple-item\" style=\"background-image: url(https:\/\/cliniquego.com\/2016\/wp-content\/uploads\/2021\/09\/Ellipse-101.svg)\"><\/div>\n              <\/noscript>\n            <\/div><\/div><\/div><div class=\"vce-col-content\" data-vce-element-content=\"true\" data-vce-do-apply=\"padding el-c361ddb2\"><div class=\"vce-text-block white center  text-valeur bloc-content2\"><div class=\"vce-text-block-wrapper vce\" id=\"el-6c888593\" data-vce-do-apply=\"all el-6c888593\"><p class=\"fs30 blackl lh38\">Rigour<\/p><br>At Clinique GO\u2122, we are conscientious and responsible because we are committed to the quality of our services. Integrity guides our actions and decisions.<\/div><\/div><\/div><\/div><\/div><\/div><\/div><\/div>\n","protected":false},"excerpt":{"rendered":"<p>MISSION &amp; VALUESClinique GO\u2122 \u00bb About us \u00bb Mission &amp; valuesOUR MISSIONProviding professional placement, virtual care, and home care services humanely.Our values EmpathyAt Clinique GO\u2122, we care about our clients, [&hellip;]<\/p>\n","protected":false},"author":17,"featured_media":0,"parent":0,"menu_order":0,"comment_status":"closed","ping_status":"closed","template":"","meta":{"_acf_changed":false,"footnotes":""},"class_list":["post-827","page","type-page","status-publish","hentry"],"acf":[],"yoast_head":"<!-- This site is optimized with the Yoast SEO plugin v27.2 - https:\/\/yoast.com\/product\/yoast-seo-wordpress\/ -->\n<title>Mission &amp; Valeurs de la Clinique GO\u2122 \u00e0 Laval, Longueuil, Mont\u00e9r\u00e9gie<\/title>\n<meta name=\"description\" content=\"\u00catre pr\u00e9sent et attentionn\u00e9 \u00e0 nos clients, offrir un service professionnel afin que ceux-ci puissent prendre soin de leur sant\u00e9, demeurent notre priorit\u00e9.\" \/>\n<meta name=\"robots\" content=\"index, follow, max-snippet:-1, max-image-preview:large, max-video-preview:-1\" \/>\n<link rel=\"canonical\" href=\"https:\/\/cliniquego.com\/en\/mission-values\/\" \/>\n<meta property=\"og:locale\" content=\"en_US\" \/>\n<meta property=\"og:type\" content=\"article\" \/>\n<meta property=\"og:title\" content=\"Mission &amp; Valeurs de la Clinique GO\u2122 \u00e0 Laval, Longueuil, Mont\u00e9r\u00e9gie\" \/>\n<meta property=\"og:description\" content=\"\u00catre pr\u00e9sent et attentionn\u00e9 \u00e0 nos clients, offrir un service professionnel afin que ceux-ci puissent prendre soin de leur sant\u00e9, demeurent notre priorit\u00e9.\" \/>\n<meta property=\"og:url\" content=\"https:\/\/cliniquego.com\/en\/mission-values\/\" \/>\n<meta property=\"og:site_name\" content=\"Clinique GO\u2122\" \/>\n<meta property=\"article:modified_time\" content=\"2021-11-23T15:51:43+00:00\" \/>\n<meta name=\"twitter:card\" content=\"summary_large_image\" \/>\n<meta name=\"twitter:label1\" content=\"Est. reading time\" \/>\n\t<meta name=\"twitter:data1\" content=\"1 minute\" \/>\n<script type=\"application\/ld+json\" class=\"yoast-schema-graph\">{\"@context\":\"https:\/\/schema.org\",\"@graph\":[{\"@type\":\"WebPage\",\"@id\":\"https:\/\/cliniquego.com\/en\/mission-values\/\",\"url\":\"https:\/\/cliniquego.com\/en\/mission-values\/\",\"name\":\"Mission & Valeurs de la Clinique GO\u2122 \u00e0 Laval, Longueuil, Mont\u00e9r\u00e9gie\",\"isPartOf\":{\"@id\":\"https:\/\/cliniquego.com\/en\/#website\"},\"datePublished\":\"2016-05-03T13:16:00+00:00\",\"dateModified\":\"2021-11-23T15:51:43+00:00\",\"description\":\"\u00catre pr\u00e9sent et attentionn\u00e9 \u00e0 nos clients, offrir un service professionnel afin que ceux-ci puissent prendre soin de leur sant\u00e9, demeurent notre priorit\u00e9.\",\"breadcrumb\":{\"@id\":\"https:\/\/cliniquego.com\/en\/mission-values\/#breadcrumb\"},\"inLanguage\":\"en-US\",\"potentialAction\":[{\"@type\":\"ReadAction\",\"target\":[\"https:\/\/cliniquego.com\/en\/mission-values\/\"]}]},{\"@type\":\"BreadcrumbList\",\"@id\":\"https:\/\/cliniquego.com\/en\/mission-values\/#breadcrumb\",\"itemListElement\":[{\"@type\":\"ListItem\",\"position\":1,\"name\":\"Clinique GO\u2122\",\"item\":\"https:\/\/cliniquego.com\/en\/\"},{\"@type\":\"ListItem\",\"position\":2,\"name\":\"Mission &#038; Values\"}]},{\"@type\":\"WebSite\",\"@id\":\"https:\/\/cliniquego.com\/en\/#website\",\"url\":\"https:\/\/cliniquego.com\/en\/\",\"name\":\"Clinique GO\u2122\",\"description\":\"Clinique en sant\u00e9 \u00e0 domicile et en entreprise\",\"publisher\":{\"@id\":\"https:\/\/cliniquego.com\/en\/#organization\"},\"potentialAction\":[{\"@type\":\"SearchAction\",\"target\":{\"@type\":\"EntryPoint\",\"urlTemplate\":\"https:\/\/cliniquego.com\/en\/?s={search_term_string}\"},\"query-input\":{\"@type\":\"PropertyValueSpecification\",\"valueRequired\":true,\"valueName\":\"search_term_string\"}}],\"inLanguage\":\"en-US\"},{\"@type\":\"Organization\",\"@id\":\"https:\/\/cliniquego.com\/en\/#organization\",\"name\":\"Clinique GO\u2122\",\"url\":\"https:\/\/cliniquego.com\/en\/\",\"logo\":{\"@type\":\"ImageObject\",\"inLanguage\":\"en-US\",\"@id\":\"https:\/\/cliniquego.com\/en\/#\/schema\/logo\/image\/\",\"url\":\"https:\/\/cliniquego.com\/2016\/wp-content\/uploads\/2021\/08\/Layer-1.svg\",\"contentUrl\":\"https:\/\/cliniquego.com\/2016\/wp-content\/uploads\/2021\/08\/Layer-1.svg\",\"width\":101,\"height\":85,\"caption\":\"Clinique GO\u2122\"},\"image\":{\"@id\":\"https:\/\/cliniquego.com\/en\/#\/schema\/logo\/image\/\"}}]}<\/script>\n<!-- \/ Yoast SEO plugin. -->","yoast_head_json":{"title":"Mission & Valeurs de la Clinique GO\u2122 \u00e0 Laval, Longueuil, Mont\u00e9r\u00e9gie","description":"\u00catre pr\u00e9sent et attentionn\u00e9 \u00e0 nos clients, offrir un service professionnel afin que ceux-ci puissent prendre soin de leur sant\u00e9, demeurent notre priorit\u00e9.","robots":{"index":"index","follow":"follow","max-snippet":"max-snippet:-1","max-image-preview":"max-image-preview:large","max-video-preview":"max-video-preview:-1"},"canonical":"https:\/\/cliniquego.com\/en\/mission-values\/","og_locale":"en_US","og_type":"article","og_title":"Mission & Valeurs de la Clinique GO\u2122 \u00e0 Laval, Longueuil, Mont\u00e9r\u00e9gie","og_description":"\u00catre pr\u00e9sent et attentionn\u00e9 \u00e0 nos clients, offrir un service professionnel afin que ceux-ci puissent prendre soin de leur sant\u00e9, demeurent notre priorit\u00e9.","og_url":"https:\/\/cliniquego.com\/en\/mission-values\/","og_site_name":"Clinique GO\u2122","article_modified_time":"2021-11-23T15:51:43+00:00","twitter_card":"summary_large_image","twitter_misc":{"Est. reading time":"1 minute"},"schema":{"@context":"https:\/\/schema.org","@graph":[{"@type":"WebPage","@id":"https:\/\/cliniquego.com\/en\/mission-values\/","url":"https:\/\/cliniquego.com\/en\/mission-values\/","name":"Mission & Valeurs de la Clinique GO\u2122 \u00e0 Laval, Longueuil, Mont\u00e9r\u00e9gie","isPartOf":{"@id":"https:\/\/cliniquego.com\/en\/#website"},"datePublished":"2016-05-03T13:16:00+00:00","dateModified":"2021-11-23T15:51:43+00:00","description":"\u00catre pr\u00e9sent et attentionn\u00e9 \u00e0 nos clients, offrir un service professionnel afin que ceux-ci puissent prendre soin de leur sant\u00e9, demeurent notre priorit\u00e9.","breadcrumb":{"@id":"https:\/\/cliniquego.com\/en\/mission-values\/#breadcrumb"},"inLanguage":"en-US","potentialAction":[{"@type":"ReadAction","target":["https:\/\/cliniquego.com\/en\/mission-values\/"]}]},{"@type":"BreadcrumbList","@id":"https:\/\/cliniquego.com\/en\/mission-values\/#breadcrumb","itemListElement":[{"@type":"ListItem","position":1,"name":"Clinique GO\u2122","item":"https:\/\/cliniquego.com\/en\/"},{"@type":"ListItem","position":2,"name":"Mission &#038; Values"}]},{"@type":"WebSite","@id":"https:\/\/cliniquego.com\/en\/#website","url":"https:\/\/cliniquego.com\/en\/","name":"Clinique GO\u2122","description":"Clinique en sant\u00e9 \u00e0 domicile et en entreprise","publisher":{"@id":"https:\/\/cliniquego.com\/en\/#organization"},"potentialAction":[{"@type":"SearchAction","target":{"@type":"EntryPoint","urlTemplate":"https:\/\/cliniquego.com\/en\/?s={search_term_string}"},"query-input":{"@type":"PropertyValueSpecification","valueRequired":true,"valueName":"search_term_string"}}],"inLanguage":"en-US"},{"@type":"Organization","@id":"https:\/\/cliniquego.com\/en\/#organization","name":"Clinique GO\u2122","url":"https:\/\/cliniquego.com\/en\/","logo":{"@type":"ImageObject","inLanguage":"en-US","@id":"https:\/\/cliniquego.com\/en\/#\/schema\/logo\/image\/","url":"https:\/\/cliniquego.com\/2016\/wp-content\/uploads\/2021\/08\/Layer-1.svg","contentUrl":"https:\/\/cliniquego.com\/2016\/wp-content\/uploads\/2021\/08\/Layer-1.svg","width":101,"height":85,"caption":"Clinique GO\u2122"},"image":{"@id":"https:\/\/cliniquego.com\/en\/#\/schema\/logo\/image\/"}}]}},"_links":{"self":[{"href":"https:\/\/cliniquego.com\/en\/wp-json\/wp\/v2\/pages\/827","targetHints":{"allow":["GET"]}}],"collection":[{"href":"https:\/\/cliniquego.com\/en\/wp-json\/wp\/v2\/pages"}],"about":[{"href":"https:\/\/cliniquego.com\/en\/wp-json\/wp\/v2\/types\/page"}],"author":[{"embeddable":true,"href":"https:\/\/cliniquego.com\/en\/wp-json\/wp\/v2\/users\/17"}],"replies":[{"embeddable":true,"href":"https:\/\/cliniquego.com\/en\/wp-json\/wp\/v2\/comments?post=827"}],"version-history":[{"count":0,"href":"https:\/\/cliniquego.com\/en\/wp-json\/wp\/v2\/pages\/827\/revisions"}],"wp:attachment":[{"href":"https:\/\/cliniquego.com\/en\/wp-json\/wp\/v2\/media?parent=827"}],"curies":[{"name":"wp","href":"https:\/\/api.w.org\/{rel}","templated":true}]}}