{"id":751,"date":"2016-05-03T15:16:17","date_gmt":"2016-05-03T13:16:17","guid":{"rendered":"https:\/\/cliniquego.com\/en\/about-us\/equipe\/"},"modified":"2024-04-19T16:53:05","modified_gmt":"2024-04-19T14:53:05","slug":"team","status":"publish","type":"page","link":"https:\/\/cliniquego.com\/en\/team\/","title":{"rendered":"Team"},"content":{"rendered":"<div class=\"vce-row-container\" data-vce-boxed-width=\"true\"><div class=\"vce-row vce-element--has-background vce-row--col-gap-0 heading-banner vce-row-content--top\" id=\"el-66bf1a66\" data-vce-do-apply=\"all el-66bf1a66\"><div class=\"vce-content-background-container\"><div class=\"vce-asset-background-simple-container vce-visible-all-only vce-asset-background-simple--style-cover vce-asset-background-simple--position-center-top\"><div class=\"vce-asset-background-simple\">\n              <div style='background-image: url(\"https:\/\/cliniquego.com\/2016\/wp-content\/uploads\/2021\/08\/header-home.png\");'  class=\"vce-asset-background-simple-item vcv-lozad\" ><\/div>\n              <noscript>\n                <div class=\"vce-asset-background-simple-item\" style=\"background-image: url(https:\/\/cliniquego.com\/2016\/wp-content\/uploads\/2021\/08\/header-home.png)\"><\/div>\n              <\/noscript>\n            <\/div><\/div><\/div><div class=\"vce-row-content\" data-vce-element-content=\"true\"><div class=\"vce-col vce-col--md-auto vce-col--xs-1 vce-col--xs-last vce-col--xs-first vce-col--sm-last vce-col--sm-first vce-col--md-last vce-col--lg-last vce-col--xl-last vce-col--md-first vce-col--lg-first vce-col--xl-first pt-260 pb-260 pt-155-mobile pb-285-mobile\" id=\"el-b1abdddc\"><div class=\"vce-col-inner\" data-vce-do-apply=\"border margin background  el-b1abdddc\"><div class=\"vce-content-background-container\"><\/div><div class=\"vce-col-content\" data-vce-element-content=\"true\" data-vce-do-apply=\"padding el-b1abdddc\"><div class=\"vce-text-block white center fs30 blackl uppercase lh40 mobile pb-40\"><div class=\"vce-text-block-wrapper vce\" id=\"el-0be4d533\" data-vce-do-apply=\"all el-0be4d533\">A team ready to<br> help you<\/div><\/div><div class=\"vce-text-block center\"><div class=\"vce-text-block-wrapper vce\" id=\"el-e072e05c\" data-vce-do-apply=\"all el-e072e05c\"><a class=\"large-button center\" href=\"https:\/\/www.gorendezvous.com\/clinique-go\">Book now<\/a><\/div><\/div><\/div><\/div><\/div><\/div><\/div><\/div><div class=\"vce-row-container\" data-vce-boxed-width=\"true\"><div class=\"vce-row vce-element--has-background vce-row--col-gap-30 vce-row-equal-height vce-row-content--top\" id=\"el-c32ee54f\" data-vce-do-apply=\"all el-c32ee54f\"><div class=\"vce-content-background-container\"><\/div><div class=\"vce-row-content\" data-vce-element-content=\"true\"><div class=\"vce-col vce-col--md-auto vce-col--xs-1 vce-col--xs-last vce-col--xs-first vce-col--sm-last vce-col--sm-first vce-col--md-last vce-col--lg-last vce-col--xl-last vce-col--md-first vce-col--lg-first vce-col--xl-first pl-416 pt-30\" id=\"el-b6862187\"><div class=\"vce-col-inner\" data-vce-do-apply=\"border margin background  el-b6862187\"><div class=\"vce-col-content\" data-vce-element-content=\"true\" data-vce-do-apply=\"padding el-b6862187\"><div class=\"vce-text-block\"><div class=\"vce-text-block-wrapper vce\" id=\"el-352b499d\" data-vce-do-apply=\"all el-352b499d\"><a href=\"\/\">Clinique GO\u2122<\/a> \u00bb About us \u00bb <span class=\"breadcrumb_last\" aria-current=\"page\">Team<\/span><\/div><\/div><\/div><\/div><\/div><\/div><\/div><\/div><div class=\"vce-row-container\" data-vce-boxed-width=\"true\"><div class=\"vce-row vce-element--has-background vce-row--col-gap-0 pb-100 vce-row-content--top\" id=\"el-365dc7ce\" data-vce-do-apply=\"all el-365dc7ce\"><div class=\"vce-content-background-container\"><\/div><div class=\"vce-row-content\" data-vce-element-content=\"true\"><div class=\"vce-col vce-col--md-auto vce-col--xs-1 vce-col--xs-last vce-col--xs-first vce-col--sm-last vce-col--sm-first vce-col--md-last vce-col--lg-last vce-col--xl-last vce-col--md-first vce-col--lg-first vce-col--xl-first blue-list plr-278 pt-80\" id=\"el-e6a5336d\"><div class=\"vce-col-inner\" data-vce-do-apply=\"border margin background  el-e6a5336d\"><div class=\"vce-col-content\" data-vce-element-content=\"true\" data-vce-do-apply=\"padding el-e6a5336d\"><div class=\"vce-text-block center fs40 bold lh48 pb-65\"><div class=\"vce-text-block-wrapper vce\" id=\"el-03a8c20b\" data-vce-do-apply=\"all el-03a8c20b\"><h1>Our Administrative Team<\/h1><\/div><\/div><div class=\"vce-row-container\" data-vce-boxed-width=\"true\"><div class=\"vce-row vce-row--col-gap-30 vce-row-equal-height vce-row-content--top\" id=\"el-a38b60da\" data-vce-do-apply=\"all el-a38b60da\"><div class=\"vce-row-content\" data-vce-element-content=\"true\"><div class=\"vce-col vce-col--md-auto vce-col--xs-1 vce-col--xs-last vce-col--xs-first vce-col--sm-last vce-col--sm-first vce-col--md-first vce-col--lg-first vce-col--xl-first equipe\" id=\"el-ae5ac48b\"><div class=\"vce-col-inner\" data-vce-do-apply=\"border margin background  el-ae5ac48b\"><div class=\"vce-col-content\" data-vce-element-content=\"true\" data-vce-do-apply=\"padding el-ae5ac48b\"><div class=\"vce-single-image-container pb-35 img-dentiste vce-single-image--align-center\"><div class=\"vce vce-single-image-wrapper\" id=\"el-57de344e\" data-vce-do-apply=\"all el-57de344e\"><figure><div class=\"vce-single-image-figure-inner\" style=\"width: 375px;\"><div class=\"vce-single-image-inner vce-single-image--absolute vce-single-image--border-round\" style=\"width: 100%; padding-bottom: 100%;\"><img decoding=\"async\" class=\"vce-single-image\"  width=\"375\" height=\"375\" srcset=\"https:\/\/cliniquego.com\/2016\/wp-content\/uploads\/2024\/04\/Francis_Desjardins-320x320.png 320w, https:\/\/cliniquego.com\/2016\/wp-content\/uploads\/2024\/04\/Francis_Desjardins-375x375.png 375w\" src=\"https:\/\/cliniquego.com\/2016\/wp-content\/uploads\/2024\/04\/Francis_Desjardins-375x375.png\" data-img-src=\"https:\/\/cliniquego.com\/2016\/wp-content\/uploads\/2021\/09\/Francis_Desjardins.png\" data-attachment-id=\"8563\"  alt=\"Francis_Desjardins\" title=\"Francis_Desjardins\" \/><\/div><\/div><figcaption hidden=\"\"><\/figcaption><\/figure><\/div><\/div><div class=\"vce-text-block fs18 regular center lh22\"><div class=\"vce-text-block-wrapper vce\" id=\"el-fb1fdf06\" data-vce-do-apply=\"all el-fb1fdf06\"><div class=\"sous-img\"><h2 class=\"bold lh22 bleu uppercase\">FRANCIS DESJARDINS<\/h2><br><p class=\"\">President, physical therapist since 1994<\/p><\/div><div class=\"wrapper-circle\"><a class=\"bleu\" href=\"mailto:francis.desjardins@cliniquego.com\"><img decoding=\"async\" src=\"\/2016\/wp-content\/themes\/vsc-theme\/css\/images\/msg.svg\"><br>Send email<\/a><\/div><\/div><\/div><\/div><\/div><\/div><div class=\"vce-col vce-col--md-auto vce-col--xs-1 vce-col--xs-last vce-col--xs-first vce-col--sm-last vce-col--sm-first equipe\" id=\"el-ce28ef48\"><div class=\"vce-col-inner\" data-vce-do-apply=\"border margin background  el-ce28ef48\"><div class=\"vce-col-content\" data-vce-element-content=\"true\" data-vce-do-apply=\"padding el-ce28ef48\"><div class=\"vce-single-image-container pb-35 img-dentiste vce-single-image--align-center\"><div class=\"vce vce-single-image-wrapper\" id=\"el-a77e5550\" data-vce-do-apply=\"all el-a77e5550\"><figure><div class=\"vce-single-image-figure-inner\" style=\"width: 375px;\"><div class=\"vce-single-image-inner vce-single-image--absolute vce-single-image--border-round\" style=\"width: 100%; padding-bottom: 100%;\"><img decoding=\"async\" class=\"vce-single-image\"  width=\"375\" height=\"375\" srcset=\"https:\/\/cliniquego.com\/2016\/wp-content\/uploads\/2024\/04\/Beriza_Larose-320x320.png 320w, https:\/\/cliniquego.com\/2016\/wp-content\/uploads\/2024\/04\/Beriza_Larose-375x375.png 375w\" src=\"https:\/\/cliniquego.com\/2016\/wp-content\/uploads\/2024\/04\/Beriza_Larose-375x375.png\" data-img-src=\"https:\/\/cliniquego.com\/2016\/wp-content\/uploads\/2021\/09\/Beriza_Larose.png\" data-attachment-id=\"8565\"  alt=\"Beriza_Larose\" title=\"Beriza_Larose\" \/><\/div><\/div><figcaption hidden=\"\"><\/figcaption><\/figure><\/div><\/div><div class=\"vce-text-block fs18  regular  center lh22\"><div class=\"vce-text-block-wrapper vce\" id=\"el-0e43664d\" data-vce-do-apply=\"all el-0e43664d\"><div class=\"sous-img\"><h2 class=\"bleu uppercase bold\">B\u00c9RIZA LAROSE<\/h2><br><p class=\"\">Executive director and physical therapist since 2005<\/p><p>*Privacy Officer<\/p><\/div><div class=\"wrapper-circle\"><a class=\"bleu\" href=\"mailto:beriza.larose@cliniquego.com\"><img decoding=\"async\" src=\"\/2016\/wp-content\/themes\/vsc-theme\/css\/images\/msg.svg\"><br>Send email<\/a><\/div><\/div><\/div><\/div><\/div><\/div><div class=\"vce-col vce-col--md-auto vce-col--xs-1 vce-col--xs-last vce-col--xs-first vce-col--sm-last vce-col--sm-first equipe\" id=\"el-0a6b0410\"><div class=\"vce-col-inner\" data-vce-do-apply=\"border margin background  el-0a6b0410\"><div class=\"vce-col-content\" data-vce-element-content=\"true\" data-vce-do-apply=\"padding el-0a6b0410\"><div class=\"vce-single-image-container pb-35 img-dentiste vce-single-image--align-center\"><div class=\"vce vce-single-image-wrapper\" id=\"el-bde7c063\" data-vce-do-apply=\"all el-bde7c063\"><figure><div class=\"vce-single-image-figure-inner\" style=\"width: 375px;\"><div class=\"vce-single-image-inner vce-single-image--absolute vce-single-image--border-round\" style=\"width: 100%; padding-bottom: 100%;\"><img decoding=\"async\" class=\"vce-single-image\"  width=\"375\" height=\"375\" srcset=\"https:\/\/cliniquego.com\/2016\/wp-content\/uploads\/2024\/04\/Maxence_Guay-Jutras-320x320.png 320w, https:\/\/cliniquego.com\/2016\/wp-content\/uploads\/2024\/04\/Maxence_Guay-Jutras-375x375.png 375w\" src=\"https:\/\/cliniquego.com\/2016\/wp-content\/uploads\/2024\/04\/Maxence_Guay-Jutras-375x375.png\" data-img-src=\"https:\/\/cliniquego.com\/2016\/wp-content\/uploads\/2021\/09\/Maxence_Guay-Jutras.png\" data-attachment-id=\"8569\"  alt=\"Maxence_Guay-Jutras\" title=\"Maxence_Guay-Jutras\" \/><\/div><\/div><figcaption hidden=\"\"><\/figcaption><\/figure><\/div><\/div><div class=\"vce-text-block center fs18 regular lh22\"><div class=\"vce-text-block-wrapper vce\" id=\"el-f6389e2f\" data-vce-do-apply=\"all el-f6389e2f\"><div class=\"sous-img\"><br><h2 class=\"bold bleu uppercase\">MAXENCE GUAY-JUTRAS<\/h2><br><p class=\"\">Human Resources Advisor<\/p><br><\/div><div class=\"wrapper-circle\"><a class=\"bleu\" href=\"mailto:rh@cliniquego.com\"><img decoding=\"async\" src=\"\/2016\/wp-content\/themes\/vsc-theme\/css\/images\/msg.svg\"> <br>Send email<\/a><\/div><\/div><\/div><\/div><\/div><\/div><div class=\"vce-col vce-col--md-auto vce-col--xs-1 vce-col--xs-last vce-col--xs-first vce-col--sm-last vce-col--sm-first vce-col--md-last vce-col--lg-last vce-col--xl-last equipe\" id=\"el-5ad4247d\"><div class=\"vce-col-inner\" data-vce-do-apply=\"border margin background  el-5ad4247d\"><div class=\"vce-col-content\" data-vce-element-content=\"true\" data-vce-do-apply=\"padding el-5ad4247d\"><div class=\"vce-single-image-container pb-35 img-dentiste vce-single-image--align-center\"><div class=\"vce vce-single-image-wrapper\" id=\"el-cfe5688b\" data-vce-do-apply=\"all el-cfe5688b\"><figure><div class=\"vce-single-image-figure-inner\" style=\"width: 375px;\"><div class=\"vce-single-image-inner vce-single-image--absolute vce-single-image--border-round\" style=\"width: 100%; padding-bottom: 100%;\"><img decoding=\"async\" class=\"vce-single-image\"  width=\"375\" height=\"375\" srcset=\"https:\/\/cliniquego.com\/2016\/wp-content\/uploads\/2023\/01\/Amal-Haidar-1-320x320.png 320w, https:\/\/cliniquego.com\/2016\/wp-content\/uploads\/2024\/04\/Amal-Haidar-1-375x375.png 375w\" src=\"https:\/\/cliniquego.com\/2016\/wp-content\/uploads\/2024\/04\/Amal-Haidar-1-375x375.png\" data-img-src=\"https:\/\/cliniquego.com\/2016\/wp-content\/uploads\/2023\/01\/Amal-Haidar-1.png\" data-attachment-id=\"12688\"  alt=\"Amal Haidar\" title=\"Amal Haidar\" \/><\/div><\/div><figcaption hidden=\"\"><\/figcaption><\/figure><\/div><\/div><div class=\"vce-text-block center fs18 regular lh22\"><div class=\"vce-text-block-wrapper vce\" id=\"el-887898aa\" data-vce-do-apply=\"all el-887898aa\"><div class=\"sous-img\"><br><h2 class=\"bold bleu uppercase\">Amal Haidar<\/h2><br><p class=\"\">Human Resources Advisor<\/p><br><\/div><div class=\"wrapper-circle\"><a class=\"bleu\" href=\"mailto:rh@cliniquego.com\"><img decoding=\"async\" src=\"\/2016\/wp-content\/themes\/vsc-theme\/css\/images\/msg.svg\"> <br>Send email<\/a><\/div><\/div><\/div><\/div><\/div><\/div><\/div><\/div><\/div><div class=\"vce-row-container\" data-vce-boxed-width=\"true\"><div class=\"vce-row vce-row--col-gap-30 vce-row-content--top\" id=\"el-fdc4bf5f\" data-vce-do-apply=\"all el-fdc4bf5f\"><div class=\"vce-content-background-container\"><\/div><div class=\"vce-row-content\" data-vce-element-content=\"true\"><div class=\"vce-col vce-col--md-auto vce-col--xs-1 vce-col--xs-last vce-col--xs-first vce-col--sm-last vce-col--sm-first vce-col--md-first vce-col--lg-first vce-col--xl-first equipe\" id=\"el-e9d9cd81\"><div class=\"vce-col-inner\" data-vce-do-apply=\"border margin background  el-e9d9cd81\"><div class=\"vce-col-content\" data-vce-element-content=\"true\" data-vce-do-apply=\"padding el-e9d9cd81\"><div class=\"vce-single-image-container pb-35 img-dentiste vce-single-image--align-center\"><div class=\"vce vce-single-image-wrapper\" id=\"el-1ea50bc6\" data-vce-do-apply=\"all el-1ea50bc6\"><figure><div class=\"vce-single-image-figure-inner\" style=\"width: 375px;\"><div class=\"vce-single-image-inner vce-single-image--absolute vce-single-image--border-round\" style=\"width: 100%; padding-bottom: 100%;\"><img decoding=\"async\" class=\"vce-single-image\"  width=\"375\" height=\"375\" srcset=\"https:\/\/cliniquego.com\/2016\/wp-content\/uploads\/2024\/04\/Luis_Alayo-320x320.png 320w, https:\/\/cliniquego.com\/2016\/wp-content\/uploads\/2024\/04\/Luis_Alayo-375x375.png 375w\" src=\"https:\/\/cliniquego.com\/2016\/wp-content\/uploads\/2024\/04\/Luis_Alayo-375x375.png\" data-img-src=\"https:\/\/cliniquego.com\/2016\/wp-content\/uploads\/2021\/09\/Luis_Alayo.png\" data-attachment-id=\"8575\"  alt=\"Luis_Alayo\" title=\"Luis_Alayo\" \/><\/div><\/div><figcaption hidden=\"\"><\/figcaption><\/figure><\/div><\/div><div class=\"vce-text-block fs18 regular center lh22\"><div class=\"vce-text-block-wrapper vce\" id=\"el-7059b639\" data-vce-do-apply=\"all el-7059b639\"><h2 class=\"bleu bold uppercase\">LUIS ALAYO<\/h2><br><p class=\"equalHeightserv\">Accounting clerk<\/p><br><div class=\"wrapper-circle\"><a class=\"bleu\" href=\"mailto:luis.alayo@cliniquego.com\"><img decoding=\"async\" src=\"\/2016\/wp-content\/themes\/vsc-theme\/css\/images\/msg.svg\"><br>Send email<\/a><\/div><\/div><\/div><\/div><\/div><\/div><div class=\"vce-col vce-col--md-auto vce-col--xs-1 vce-col--xs-last vce-col--xs-first vce-col--sm-last vce-col--sm-first equipe\" id=\"el-aa35f100\"><div class=\"vce-col-inner\" data-vce-do-apply=\"border margin background  el-aa35f100\"><div class=\"vce-col-content\" data-vce-element-content=\"true\" data-vce-do-apply=\"padding el-aa35f100\"><div class=\"vcv-row-control-wrapper\"><\/div><\/div><\/div><\/div><div class=\"vce-col vce-col--md-auto vce-col--xs-1 vce-col--xs-last vce-col--xs-first vce-col--sm-last vce-col--sm-first vce-col--md-last vce-col--lg-last vce-col--xl-last equipe\" id=\"el-124852e6\"><div class=\"vce-col-inner\" data-vce-do-apply=\"border margin background  el-124852e6\"><div class=\"vce-col-content\" data-vce-element-content=\"true\" data-vce-do-apply=\"padding el-124852e6\"><div class=\"vcv-row-control-wrapper\"><\/div><\/div><\/div><\/div><\/div><\/div><\/div><\/div><\/div><\/div><\/div><\/div><\/div><div class=\"vce-row-container\" data-vce-boxed-width=\"true\"><div class=\"vce-row vce-row--col-gap-30 plr-278 pb-90 vce-row-content--top\" id=\"el-8bb608f2\" data-vce-do-apply=\"all el-8bb608f2\"><div class=\"vce-row-content\" data-vce-element-content=\"true\"><div class=\"vce-col vce-col--md-auto vce-col--xs-1 vce-col--xs-last vce-col--xs-first vce-col--sm-last vce-col--sm-first vce-col--md-last vce-col--lg-last vce-col--xl-last vce-col--md-first vce-col--lg-first vce-col--xl-first\" id=\"el-8a3dd503\"><div class=\"vce-col-inner\" data-vce-do-apply=\"border margin background  el-8a3dd503\"><div class=\"vce-col-content\" data-vce-element-content=\"true\" data-vce-do-apply=\"padding el-8a3dd503\"><div class=\"vce-text-block fs39 heavy lh50 center pb-75 pt-80\"><div class=\"vce-text-block-wrapper vce\" id=\"el-9749ee3a\" data-vce-do-apply=\"all el-9749ee3a\"><h2>Our latest articles<\/h2><\/div><\/div><div class=\"vce-shortcode pt-80 no-pt\"><div class=\"vce-shortcode-wrapper vce\" id=\"el-db6d0a15\" data-vce-do-apply=\"all el-db6d0a15\"><div class=\" vsc-recent-posts paddtopm\"><div class=\"grid-element\">\n        <div class=\"grid-content\">\n           <div class=\"grid-thumb\" style=\"background-image: url(https:\/\/cliniquego.com\/2016\/wp-content\/uploads\/2023\/12\/Online_social_work_virtual_consultation.jpg); \"><\/div>\n           <a  class=\"grid-title\" href=\"https:\/\/cliniquego.com\/en\/online-social-work-virtual-social-support\/\"><h3>Online social work: virtual social support<\/h3><\/a>\n           <div class=\"grid-excerpt\">Online social work consultations give you the opportunity to meet a single professional, entirely virtually: the social worker. In this article, we give you more information about this versatile service [&hellip;]<\/div>\n            <div class=\"bold fs18 black\"><a href=\"https:\/\/cliniquego.com\/en\/online-social-work-virtual-social-support\/\"  title=\"Lire l'article\">Read more >><\/a><\/div>\n            \n    <\/div>\n<\/div><div class=\"grid-element\">\n        <div class=\"grid-content\">\n           <div class=\"grid-thumb\" style=\"background-image: url(https:\/\/cliniquego.com\/2016\/wp-content\/uploads\/2023\/11\/In-home_Physiotherapist_why_consult_Montreal.jpg); \"><\/div>\n           <a  class=\"grid-title\" href=\"https:\/\/cliniquego.com\/en\/why-consult-an-in-home-physiotherapist\/\"><h3>Why consult an in-home physiotherapist?<\/h3><\/a>\n           <div class=\"grid-excerpt\">People are sometimes surprised to learn that it is possible to consult a physiotherapist at home! Yes, this is a service that Clinique GO\u2122 has been offering for several years. [&hellip;]<\/div>\n            <div class=\"bold fs18 black\"><a href=\"https:\/\/cliniquego.com\/en\/why-consult-an-in-home-physiotherapist\/\"  title=\"Lire l'article\">Read more >><\/a><\/div>\n            \n    <\/div>\n<\/div><\/div><\/div><\/div><\/div><\/div><\/div><\/div><\/div><\/div>\n","protected":false},"excerpt":{"rendered":"<p>A team ready to help youBook nowClinique GO\u2122 \u00bb About us \u00bb TeamOur Administrative TeamFRANCIS DESJARDINSPresident, physical therapist since 1994Send emailB\u00c9RIZA LAROSEExecutive director and physical therapist since 2005*Privacy OfficerSend emailMAXENCE [&hellip;]<\/p>\n","protected":false},"author":17,"featured_media":0,"parent":0,"menu_order":0,"comment_status":"closed","ping_status":"closed","template":"","meta":{"_acf_changed":false,"footnotes":""},"class_list":["post-751","page","type-page","status-publish","hentry"],"acf":[],"yoast_head":"<!-- This site is optimized with the Yoast SEO plugin v27.2 - https:\/\/yoast.com\/product\/yoast-seo-wordpress\/ -->\n<title>Clinique GO\u2122 team providing health care services at home<\/title>\n<meta name=\"description\" content=\"Notre \u00e9quipe est l\u00e0 pour r\u00e9pondre \u00e0 vos besoins de fa\u00e7on professionnelle et attentionn\u00e9e. Soyez assur\u00e9s que votre bien-\u00eatre est important pour nous.\" \/>\n<meta name=\"robots\" content=\"index, follow, max-snippet:-1, max-image-preview:large, max-video-preview:-1\" \/>\n<link rel=\"canonical\" href=\"https:\/\/cliniquego.com\/en\/team\/\" \/>\n<meta property=\"og:locale\" content=\"en_US\" \/>\n<meta property=\"og:type\" content=\"article\" \/>\n<meta property=\"og:title\" content=\"Clinique GO\u2122 team providing health care services at home\" \/>\n<meta property=\"og:description\" content=\"Notre \u00e9quipe est l\u00e0 pour r\u00e9pondre \u00e0 vos besoins de fa\u00e7on professionnelle et attentionn\u00e9e. Soyez assur\u00e9s que votre bien-\u00eatre est important pour nous.\" \/>\n<meta property=\"og:url\" content=\"https:\/\/cliniquego.com\/en\/team\/\" \/>\n<meta property=\"og:site_name\" content=\"Clinique GO\u2122\" \/>\n<meta property=\"article:modified_time\" content=\"2024-04-19T14:53:05+00:00\" \/>\n<meta name=\"twitter:card\" content=\"summary_large_image\" \/>\n<script type=\"application\/ld+json\" class=\"yoast-schema-graph\">{\"@context\":\"https:\/\/schema.org\",\"@graph\":[{\"@type\":\"WebPage\",\"@id\":\"https:\/\/cliniquego.com\/en\/team\/\",\"url\":\"https:\/\/cliniquego.com\/en\/team\/\",\"name\":\"Clinique GO\u2122 team providing health care services at home\",\"isPartOf\":{\"@id\":\"https:\/\/cliniquego.com\/en\/#website\"},\"datePublished\":\"2016-05-03T13:16:17+00:00\",\"dateModified\":\"2024-04-19T14:53:05+00:00\",\"description\":\"Notre \u00e9quipe est l\u00e0 pour r\u00e9pondre \u00e0 vos besoins de fa\u00e7on professionnelle et attentionn\u00e9e. Soyez assur\u00e9s que votre bien-\u00eatre est important pour nous.\",\"breadcrumb\":{\"@id\":\"https:\/\/cliniquego.com\/en\/team\/#breadcrumb\"},\"inLanguage\":\"en-US\",\"potentialAction\":[{\"@type\":\"ReadAction\",\"target\":[\"https:\/\/cliniquego.com\/en\/team\/\"]}]},{\"@type\":\"BreadcrumbList\",\"@id\":\"https:\/\/cliniquego.com\/en\/team\/#breadcrumb\",\"itemListElement\":[{\"@type\":\"ListItem\",\"position\":1,\"name\":\"Clinique GO\u2122\",\"item\":\"https:\/\/cliniquego.com\/en\/\"},{\"@type\":\"ListItem\",\"position\":2,\"name\":\"Team\"}]},{\"@type\":\"WebSite\",\"@id\":\"https:\/\/cliniquego.com\/en\/#website\",\"url\":\"https:\/\/cliniquego.com\/en\/\",\"name\":\"Clinique GO\u2122\",\"description\":\"Clinique en sant\u00e9 \u00e0 domicile et en entreprise\",\"publisher\":{\"@id\":\"https:\/\/cliniquego.com\/en\/#organization\"},\"potentialAction\":[{\"@type\":\"SearchAction\",\"target\":{\"@type\":\"EntryPoint\",\"urlTemplate\":\"https:\/\/cliniquego.com\/en\/?s={search_term_string}\"},\"query-input\":{\"@type\":\"PropertyValueSpecification\",\"valueRequired\":true,\"valueName\":\"search_term_string\"}}],\"inLanguage\":\"en-US\"},{\"@type\":\"Organization\",\"@id\":\"https:\/\/cliniquego.com\/en\/#organization\",\"name\":\"Clinique GO\u2122\",\"url\":\"https:\/\/cliniquego.com\/en\/\",\"logo\":{\"@type\":\"ImageObject\",\"inLanguage\":\"en-US\",\"@id\":\"https:\/\/cliniquego.com\/en\/#\/schema\/logo\/image\/\",\"url\":\"https:\/\/cliniquego.com\/2016\/wp-content\/uploads\/2021\/08\/Layer-1.svg\",\"contentUrl\":\"https:\/\/cliniquego.com\/2016\/wp-content\/uploads\/2021\/08\/Layer-1.svg\",\"width\":101,\"height\":85,\"caption\":\"Clinique GO\u2122\"},\"image\":{\"@id\":\"https:\/\/cliniquego.com\/en\/#\/schema\/logo\/image\/\"}}]}<\/script>\n<!-- \/ Yoast SEO plugin. -->","yoast_head_json":{"title":"Clinique GO\u2122 team providing health care services at home","description":"Notre \u00e9quipe est l\u00e0 pour r\u00e9pondre \u00e0 vos besoins de fa\u00e7on professionnelle et attentionn\u00e9e. Soyez assur\u00e9s que votre bien-\u00eatre est important pour nous.","robots":{"index":"index","follow":"follow","max-snippet":"max-snippet:-1","max-image-preview":"max-image-preview:large","max-video-preview":"max-video-preview:-1"},"canonical":"https:\/\/cliniquego.com\/en\/team\/","og_locale":"en_US","og_type":"article","og_title":"Clinique GO\u2122 team providing health care services at home","og_description":"Notre \u00e9quipe est l\u00e0 pour r\u00e9pondre \u00e0 vos besoins de fa\u00e7on professionnelle et attentionn\u00e9e. Soyez assur\u00e9s que votre bien-\u00eatre est important pour nous.","og_url":"https:\/\/cliniquego.com\/en\/team\/","og_site_name":"Clinique GO\u2122","article_modified_time":"2024-04-19T14:53:05+00:00","twitter_card":"summary_large_image","schema":{"@context":"https:\/\/schema.org","@graph":[{"@type":"WebPage","@id":"https:\/\/cliniquego.com\/en\/team\/","url":"https:\/\/cliniquego.com\/en\/team\/","name":"Clinique GO\u2122 team providing health care services at home","isPartOf":{"@id":"https:\/\/cliniquego.com\/en\/#website"},"datePublished":"2016-05-03T13:16:17+00:00","dateModified":"2024-04-19T14:53:05+00:00","description":"Notre \u00e9quipe est l\u00e0 pour r\u00e9pondre \u00e0 vos besoins de fa\u00e7on professionnelle et attentionn\u00e9e. Soyez assur\u00e9s que votre bien-\u00eatre est important pour nous.","breadcrumb":{"@id":"https:\/\/cliniquego.com\/en\/team\/#breadcrumb"},"inLanguage":"en-US","potentialAction":[{"@type":"ReadAction","target":["https:\/\/cliniquego.com\/en\/team\/"]}]},{"@type":"BreadcrumbList","@id":"https:\/\/cliniquego.com\/en\/team\/#breadcrumb","itemListElement":[{"@type":"ListItem","position":1,"name":"Clinique GO\u2122","item":"https:\/\/cliniquego.com\/en\/"},{"@type":"ListItem","position":2,"name":"Team"}]},{"@type":"WebSite","@id":"https:\/\/cliniquego.com\/en\/#website","url":"https:\/\/cliniquego.com\/en\/","name":"Clinique GO\u2122","description":"Clinique en sant\u00e9 \u00e0 domicile et en entreprise","publisher":{"@id":"https:\/\/cliniquego.com\/en\/#organization"},"potentialAction":[{"@type":"SearchAction","target":{"@type":"EntryPoint","urlTemplate":"https:\/\/cliniquego.com\/en\/?s={search_term_string}"},"query-input":{"@type":"PropertyValueSpecification","valueRequired":true,"valueName":"search_term_string"}}],"inLanguage":"en-US"},{"@type":"Organization","@id":"https:\/\/cliniquego.com\/en\/#organization","name":"Clinique GO\u2122","url":"https:\/\/cliniquego.com\/en\/","logo":{"@type":"ImageObject","inLanguage":"en-US","@id":"https:\/\/cliniquego.com\/en\/#\/schema\/logo\/image\/","url":"https:\/\/cliniquego.com\/2016\/wp-content\/uploads\/2021\/08\/Layer-1.svg","contentUrl":"https:\/\/cliniquego.com\/2016\/wp-content\/uploads\/2021\/08\/Layer-1.svg","width":101,"height":85,"caption":"Clinique GO\u2122"},"image":{"@id":"https:\/\/cliniquego.com\/en\/#\/schema\/logo\/image\/"}}]}},"_links":{"self":[{"href":"https:\/\/cliniquego.com\/en\/wp-json\/wp\/v2\/pages\/751","targetHints":{"allow":["GET"]}}],"collection":[{"href":"https:\/\/cliniquego.com\/en\/wp-json\/wp\/v2\/pages"}],"about":[{"href":"https:\/\/cliniquego.com\/en\/wp-json\/wp\/v2\/types\/page"}],"author":[{"embeddable":true,"href":"https:\/\/cliniquego.com\/en\/wp-json\/wp\/v2\/users\/17"}],"replies":[{"embeddable":true,"href":"https:\/\/cliniquego.com\/en\/wp-json\/wp\/v2\/comments?post=751"}],"version-history":[{"count":1,"href":"https:\/\/cliniquego.com\/en\/wp-json\/wp\/v2\/pages\/751\/revisions"}],"predecessor-version":[{"id":13101,"href":"https:\/\/cliniquego.com\/en\/wp-json\/wp\/v2\/pages\/751\/revisions\/13101"}],"wp:attachment":[{"href":"https:\/\/cliniquego.com\/en\/wp-json\/wp\/v2\/media?parent=751"}],"curies":[{"name":"wp","href":"https:\/\/api.w.org\/{rel}","templated":true}]}}