{"id":716,"date":"2016-04-27T17:53:05","date_gmt":"2016-04-27T15:53:05","guid":{"rendered":"https:\/\/cliniquego.com\/homecare-services\/psychoeducation\/?lang=en"},"modified":"2020-09-16T16:42:42","modified_gmt":"2020-09-16T14:42:42","slug":"psychoeducation","status":"publish","type":"page","link":"https:\/\/cliniquego.com\/en\/homecare-services\/psychoeducation\/","title":{"rendered":"Psychoeducation"},"content":{"rendered":"<div class=\"vce-row-container\"><div class=\"vce-row vce-row--col-gap-30 vce-row-columns--top vce-row-content--top\" id=\"el-5d935904\" data-vce-do-apply=\"all el-5d935904\"><div class=\"vce-row-content\" data-vce-element-content=\"true\"><div class=\"vce-col vce-col--md-auto vce-col--xs-1 vce-col--xs-last vce-col--xs-first vce-col--sm-last vce-col--sm-first vce-col--md-last vce-col--lg-last vce-col--xl-last vce-col--md-first vce-col--lg-first vce-col--xl-first\" id=\"el-06347efc\"><div class=\"vce-col-inner\" data-vce-do-apply=\"border margin background  el-06347efc\"><div class=\"vce-col-content\" data-vce-element-content=\"true\" data-vce-do-apply=\"padding el-06347efc\"><\/div><\/div><\/div><\/div><\/div><\/div><div class=\"vce-row-container\"><div class=\"vce-row vce-element--has-background vce-row--col-gap-0 heading-banner vce-row-columns--top vce-row-content--top\" id=\"el-5f63ba30\" data-vce-do-apply=\"all el-5f63ba30\"><div class=\"vce-content-background-container\"><div class=\"vce-asset-background-simple-container vce-visible-all-only vce-asset-background-simple--style-cover vce-asset-background-simple--position-center-center\"><div class=\"vce-asset-background-simple\"><div class=\"vce-asset-background-simple-item\" style=\"background-image: url('https:\/\/cliniquego.com\/2016\/wp-content\/uploads\/2019\/10\/psychoeducation_a_domicile_a_Montreal.jpg');\"><\/div><\/div><\/div><\/div><div class=\"vce-row-content\" data-vce-element-content=\"true\"><div class=\"vce-col vce-col--md-auto vce-col--xs-1 vce-col--xs-last vce-col--xs-first vce-col--sm-last vce-col--sm-first vce-col--md-last vce-col--lg-last vce-col--xl-last vce-col--md-first vce-col--lg-first vce-col--xl-first\" id=\"el-b95967a5\"><div class=\"vce-col-inner\" data-vce-do-apply=\"border margin background  el-b95967a5\"><div class=\"vce-col-content\" data-vce-element-content=\"true\" data-vce-do-apply=\"padding el-b95967a5\"><div class=\"vce-text-block max-w-600 white  font30\"><div class=\"vce-text-block-wrapper vce\" id=\"el-f73dea59\" data-vce-do-apply=\"all el-f73dea59\"><h1 style=\"text-align: center;\">PSYCHOEDUCATION<\/h1><\/div><\/div><div class=\"vce-text-block max-w-880\"><div class=\"vce-text-block-wrapper vce\" id=\"el-99647095\" data-vce-do-apply=\"all el-99647095\"><p class=\"white-text\" style=\"text-align: center; margin: 0 auto;\">Clinique GO\u2122 offers <strong>in-home Psychoeducation services in Montreal<\/strong>, including Greater <span class=\"blue-text\"><strong>Montreal<\/strong><\/span>, <span class=\"blue-text\"><strong>Laval<\/strong><\/span>&nbsp;and <span class=\"blue-text\"><strong>Longueuil.<\/strong><\/span><\/p><\/div><\/div><div class=\"vce-text-block btn-rdv-wrapper\"><div class=\"vce-text-block-wrapper vce\" id=\"el-dcfb93d1\" data-vce-do-apply=\"all el-dcfb93d1\"><p><a class=\"large-button center\" href=\"https:\/\/www.gorendezvous.com\/clinique-go\">Book Now<\/a><\/p><\/div><\/div><\/div><\/div><\/div><\/div><\/div><\/div><div class=\"vce-row-container\"><div class=\"vce-row vce-element--has-background vce-row--col-gap-0 service-list   vce-row-columns--top vce-row-content--top\" id=\"el-b8594f76\" data-vce-do-apply=\"all el-b8594f76\"><div class=\"vce-content-background-container\"><\/div><div class=\"vce-row-content\" data-vce-element-content=\"true\"><div class=\"vce-col vce-col--md-auto vce-col--xs-1 vce-col--xs-last vce-col--xs-first vce-col--sm-last vce-col--sm-first vce-col--md-last vce-col--lg-last vce-col--xl-last vce-col--md-first vce-col--lg-first vce-col--xl-first blue-list\" id=\"el-21ceffc8\"><div class=\"vce-col-inner\" data-vce-do-apply=\"border margin background  el-21ceffc8\"><div class=\"vce-col-content\" data-vce-element-content=\"true\" data-vce-do-apply=\"padding el-21ceffc8\"><div class=\"vce-row-container\"><div class=\"vce-row vce-row--col-gap-0 max-w-880 vce-row-columns--top vce-row-content--top\" id=\"el-b9c88482\" data-vce-do-apply=\"all el-b9c88482\"><div class=\"vce-row-content\" data-vce-element-content=\"true\"><div class=\"vce-col vce-col--md-auto vce-col--xs-1 vce-col--xs-last vce-col--xs-first vce-col--sm-last vce-col--sm-first vce-col--md-last vce-col--lg-last vce-col--xl-last vce-col--md-first vce-col--lg-first vce-col--xl-first\" id=\"el-085d5178\"><div class=\"vce-col-inner\" data-vce-do-apply=\"border margin background  el-085d5178\"><div class=\"vce-col-content\" data-vce-element-content=\"true\" data-vce-do-apply=\"padding el-085d5178\"><div class=\"vce-shortcode max-w-880\"><div class=\"vce-shortcode-wrapper vce\" id=\"el-8c0e4311\" data-vce-do-apply=\"all el-8c0e4311\"><span><span><a href=\"https:\/\/cliniquego.com\/en\/\">Clinique GO\u2122<\/a><\/span><\/span><\/div><\/div><div class=\"vce-text-block max-w-880\"><div class=\"vce-text-block-wrapper vce\" id=\"el-b7725be0\" data-vce-do-apply=\"all el-b7725be0\"><h2 class=\"vc_custom_heading max-w-880\" style=\"font-size: 40px; color: #021217; line-height: 1; text-align: left; font-family: Lato; font-weight: bold; font-style: normal;\">What is <span class=\"blue-text\">Psychoeducation<\/span> ?<\/h2>\n<p style=\"text-align: justify; color: #000; line-height: 1.81; padding-bottom: 20px;\">Psychoeducation is a discipline linked to social sciences and aims to help people having difficulty adapting to their social environment, whatever it might be. Psychoeducators are able to evaluate issues by working with patients, to then be able to suggest personalized techniques to overcome specific problems.<\/p>\n<p style=\"text-align: justify; color: #000; line-height: 1.81; padding-bottom: 20px;\">Psychoeducation first appeared in Quebec in the 1940\u2019s when the need for helping youths with various adaptation problems become obvious.<\/p>\n<p style=\"text-align: justify; color: #000; line-height: 1.81; padding-bottom: 20px;\">Clinique GO\u2122\u2019s psychoeducators are all current members of the Ordre des psycho\u00e9ducateurs et psycho\u00e9ducatrices du Qu\u00e9bec.<\/p><\/div><\/div><div class=\"vce-text-block\"><div class=\"vce-text-block-wrapper vce\" id=\"el-413ccd4c\" data-vce-do-apply=\"all el-413ccd4c\"><h2 class=\"vc_custom_heading max-w-880\" style=\"font-size: 40px; color: #021217; line-height: 1; text-align: left; font-family: Lato; font-weight: bold; font-style: normal;\">Why consult a <span class=\"blue-text\">psychoeducator<\/span> ?<\/h2>\n<p style=\"text-align: justify; color: #000; line-height: 1.81; padding-bottom: 0px;\">Clinique GO\u2122\u2019s psychoeducators can help in many different scenarios an individual, youths or the elderly, their families as well as any person involved in their life.<\/p>\n<ul>\n<li class=\"li1\"><span class=\"s1\">To help a child with adaptation problems related to their school or home environment, whether it be related to a learning disability (autism spectrum disorder (ASD), attention deficit disorder with (ADHD) or without hyperactivity, developmental delays, functional independence delay, behavioural issues (anger management, aggression, etc.).<\/span><\/li>\n<li class=\"li1\"><span class=\"s1\">Teaching individuals tools to cope with emotions (anxiety disorders, selective mutism, etc.).<\/span><\/li>\n<li class=\"li1\"><span class=\"s1\">Provide support for a person in a difficult situation that is affecting them or a member of their family (ex: difficult family relationships, grieving a loss, etc.).<\/span><\/li>\n<li class=\"li1\"><span class=\"s1\">Facilitate a person\u2019s adaptation process affected by a physical or mental handicap.<\/span><\/li>\n<li class=\"li1\"><span class=\"s1\">Help in a crisis situation<\/span><\/li>\n<li class=\"li1\"><span class=\"s1\">Provide support to parents developing their parenting skills and learning how to interact with their children<\/span><\/li>\n<li class=\"li1\">Help with organisation and planning<\/li>\n<li class=\"li1\"><span class=\"s1\">And much more!<\/span><\/li>\n<\/ul><\/div><\/div><div class=\"vce-text-block\"><div class=\"vce-text-block-wrapper vce\" id=\"el-5b2b4f41\" data-vce-do-apply=\"all el-5b2b4f41\"><center><a class=\"large-button-xd center\" href=\"https:\/\/www.gorendezvous.com\/clinique-go\" target=\"_blank\" rel=\"noopener noreferrer\">Give your health a GO! <\/a><\/center><\/div><\/div><div class=\"vce-text-block\"><div class=\"vce-text-block-wrapper vce\" id=\"el-65006ae9\" data-vce-do-apply=\"all el-65006ae9\"><h2 class=\"vc_custom_heading max-w-880\" style=\"font-size: 40px; color: #021217; line-height: 1; text-align: left; font-family: Lato; font-weight: bold; font-style: normal;\">Who can benefit from Clinique GO\u2122\u2019s <span class=\"blue-text\">Psychoeducation<\/span> services?<\/h2><p style=\"text-align: justify; color: #000; line-height: 1.81; padding-bottom: 0px;\">Since our psychoeducators can help out in many different scenarios, the sessions are available to :<\/p><ul><li class=\"li1\">Parents of children 10 years old and under: looking for advice to develop their parenting skills or consistency between parents for education or ways of doing things, etc.<\/li><li class=\"li1\">Pre-teens and teenagers: looking for advice to manage anxiety, emotions, sleep or to develop their social skills, organization and planning of schedules and tasks, etc.<\/li><li>Adults: facing a destabilizing event such as an illness or an accident.<\/li><li>Elders: who wish to maintain their autonomy.<\/li><\/ul><\/div><\/div><div class=\"vce-text-block\"><div class=\"vce-text-block-wrapper vce\" id=\"el-2fc1599c\" data-vce-do-apply=\"all el-2fc1599c\"><h2 class=\"vc_custom_heading max-w-880\" style=\"font-size: 40px; color: #021217; line-height: 1; text-align: left; font-family: Lato; font-weight: bold; font-style: normal;\">What does a <span class=\"blue-text\">psychoeducation<\/span> session entail?<\/h2>\n<p style=\"text-align: justify; color: #000; line-height: 1.81; padding-bottom: 20px;\">First of all a psychoeducator must evaluate the patient\u2019s psychosocial adaptation. In order to do this they might evaluate their patient by using a series of questions or tests adapted to the patient\u2019s needs. The psychoeducator will then be able to devise an intervention program tailored to the encountered problems, in order to help the patient step by step with their adaptation process. The psychoeducator will then evaluate the results of the intervention program to verify how effective it has been and make any necessary adjustments. A psychoeducator may also use a previous evaluation of a patient and continue their work from there.<\/p>\n<p style=\"text-align: justify; color: #000; line-height: 1.81; padding-bottom: 20px;\">A psychoeductor may use many different exercises allowing a patient to identify their emotions and explain their reactions, etc.<\/p><\/div><\/div><div class=\"vce-text-block\"><div class=\"vce-text-block-wrapper vce\" id=\"el-e6f3bc06\" data-vce-do-apply=\"all el-e6f3bc06\"><p class=\"vc_custom_heading max-w-880\" style=\"font-size: 20px; color: #021217; line-height: 1.45; text-align: left; font-family: Lato; font-weight: normal; font-style: normal;\">Contact us for more information.<\/p><\/div><\/div><div class=\"vce-text-block\"><div class=\"vce-text-block-wrapper vce\" id=\"el-0be63360\" data-vce-do-apply=\"all el-0be63360\"><p><a class=\"large-button center\" href=\"https:\/\/www.gorendezvous.com\/clinique-go\">Book Now<\/a><\/p><\/div><\/div><\/div><\/div><\/div><\/div><\/div><\/div><\/div><\/div><\/div><\/div><\/div><\/div><div class=\"vce-row-container\"><div class=\"vce-row vce-row--col-gap-30 max-w-880 vce-row-columns--top vce-row-content--top\" id=\"el-e85b40b2\" data-vce-do-apply=\"all el-e85b40b2\"><div class=\"vce-row-content\" data-vce-element-content=\"true\"><div class=\"vce-col vce-col--md-auto vce-col--xs-1 vce-col--xs-last vce-col--xs-first vce-col--sm-last vce-col--sm-first vce-col--md-last vce-col--lg-last vce-col--xl-last vce-col--md-first vce-col--lg-first vce-col--xl-first\" id=\"el-a298e4d7\"><div class=\"vce-col-inner\" data-vce-do-apply=\"border margin background  el-a298e4d7\"><div class=\"vce-col-content\" data-vce-element-content=\"true\" data-vce-do-apply=\"padding el-a298e4d7\"><div class=\"vce-text-block\"><div class=\"vce-text-block-wrapper vce\" id=\"el-68dc272d\" data-vce-do-apply=\"all el-68dc272d\"><p class=\"h2\" style=\"font-size: 40px; color: #021217; line-height: 1; text-align: center; font-family: Lato; font-weight: bold; font-style: normal;\">You could also benefit from <span class=\"blue-text\">these services<\/span><\/p><p style=\"text-align: center;\">Our multidisciplinary in-home services are offered at home, in workplaces and in public and private health institutions.<\/p><\/div><\/div><div class=\"vce-text-block\"><div class=\"vce-text-block-wrapper vce\" id=\"el-791e753d\" data-vce-do-apply=\"all el-791e753d\"><div class=\"home-list\">\n  <ul>\n\n    <li><a href=\"\/en\/homecare-services\/occupational-therapy\/\">Occupational therapy<\/a><\/li>\n  \n    <li><a href=\"\/en\/homecare-services\/psychology\/\">Psychology<\/a><\/li>\n\n    <li><a href=\"\/en\/homecare-services\/social-services\/\">Social work<\/a><\/li>\n    <li><a href=\"\/en\/homecare-services\/speech-therapy\/\">Speech therapy<\/a><\/li>\n \n  <\/ul>\n<\/div><\/div><\/div><\/div><\/div><\/div><\/div><\/div><\/div>\n","protected":false},"excerpt":{"rendered":"<p>PSYCHOEDUCATIONClinique GO\u2122 offers in-home Psychoeducation services in Montreal, including Greater Montreal, Laval&nbsp;and Longueuil.Book NowWhat is Psychoeducation ? Psychoeducation is a discipline linked to social sciences and aims to help people [&hellip;]<\/p>\n","protected":false},"author":17,"featured_media":0,"parent":660,"menu_order":0,"comment_status":"closed","ping_status":"closed","template":"","meta":{"_acf_changed":false,"footnotes":""},"class_list":["post-716","page","type-page","status-publish","hentry"],"acf":[],"yoast_head":"<!-- This site is optimized with the Yoast SEO plugin v27.2 - https:\/\/yoast.com\/product\/yoast-seo-wordpress\/ -->\n<title>In-home psychoeducation services in Montreal| Clinique GO\u2122<\/title>\n<meta name=\"description\" content=\"Clinique GO\u2122 offers in-home Psychoeducation services in Montreal, including Greater Montreal, Laval, Longueuil, Monteregie and the North Shore of Montreal.\" \/>\n<meta name=\"robots\" content=\"index, follow, max-snippet:-1, max-image-preview:large, max-video-preview:-1\" \/>\n<link rel=\"canonical\" href=\"https:\/\/cliniquego.com\/en\/homecare-services\/psychoeducation\/\" \/>\n<meta property=\"og:locale\" content=\"en_US\" \/>\n<meta property=\"og:type\" content=\"article\" \/>\n<meta property=\"og:title\" content=\"In-home psychoeducation services in Montreal| Clinique GO\u2122\" \/>\n<meta property=\"og:description\" content=\"Clinique GO\u2122 offers in-home Psychoeducation services in Montreal, including Greater Montreal, Laval, Longueuil, Monteregie and the North Shore of Montreal.\" \/>\n<meta property=\"og:url\" content=\"https:\/\/cliniquego.com\/en\/homecare-services\/psychoeducation\/\" \/>\n<meta property=\"og:site_name\" content=\"Clinique GO\u2122\" \/>\n<meta property=\"article:modified_time\" content=\"2020-09-16T14:42:42+00:00\" \/>\n<meta name=\"twitter:card\" content=\"summary_large_image\" \/>\n<meta name=\"twitter:label1\" content=\"Est. reading time\" \/>\n\t<meta name=\"twitter:data1\" content=\"3 minutes\" \/>\n<script type=\"application\/ld+json\" class=\"yoast-schema-graph\">{\"@context\":\"https:\/\/schema.org\",\"@graph\":[{\"@type\":\"WebPage\",\"@id\":\"https:\/\/cliniquego.com\/en\/homecare-services\/psychoeducation\/\",\"url\":\"https:\/\/cliniquego.com\/en\/homecare-services\/psychoeducation\/\",\"name\":\"In-home psychoeducation services in Montreal| Clinique GO\u2122\",\"isPartOf\":{\"@id\":\"https:\/\/cliniquego.com\/en\/#website\"},\"datePublished\":\"2016-04-27T15:53:05+00:00\",\"dateModified\":\"2020-09-16T14:42:42+00:00\",\"description\":\"Clinique GO\u2122 offers in-home Psychoeducation services in Montreal, including Greater Montreal, Laval, Longueuil, Monteregie and the North Shore of Montreal.\",\"breadcrumb\":{\"@id\":\"https:\/\/cliniquego.com\/en\/homecare-services\/psychoeducation\/#breadcrumb\"},\"inLanguage\":\"en-US\",\"potentialAction\":[{\"@type\":\"ReadAction\",\"target\":[\"https:\/\/cliniquego.com\/en\/homecare-services\/psychoeducation\/\"]}]},{\"@type\":\"BreadcrumbList\",\"@id\":\"https:\/\/cliniquego.com\/en\/homecare-services\/psychoeducation\/#breadcrumb\",\"itemListElement\":[{\"@type\":\"ListItem\",\"position\":1,\"name\":\"Clinique GO\u2122\",\"item\":\"https:\/\/cliniquego.com\/en\/\"},{\"@type\":\"ListItem\",\"position\":2,\"name\":\"Home care services\",\"item\":\"https:\/\/cliniquego.com\/en\/homecare-services\/\"},{\"@type\":\"ListItem\",\"position\":3,\"name\":\"Psychoeducation\"}]},{\"@type\":\"WebSite\",\"@id\":\"https:\/\/cliniquego.com\/en\/#website\",\"url\":\"https:\/\/cliniquego.com\/en\/\",\"name\":\"Clinique GO\u2122\",\"description\":\"Clinique en sant\u00e9 \u00e0 domicile et en entreprise\",\"publisher\":{\"@id\":\"https:\/\/cliniquego.com\/en\/#organization\"},\"potentialAction\":[{\"@type\":\"SearchAction\",\"target\":{\"@type\":\"EntryPoint\",\"urlTemplate\":\"https:\/\/cliniquego.com\/en\/?s={search_term_string}\"},\"query-input\":{\"@type\":\"PropertyValueSpecification\",\"valueRequired\":true,\"valueName\":\"search_term_string\"}}],\"inLanguage\":\"en-US\"},{\"@type\":\"Organization\",\"@id\":\"https:\/\/cliniquego.com\/en\/#organization\",\"name\":\"Clinique GO\u2122\",\"url\":\"https:\/\/cliniquego.com\/en\/\",\"logo\":{\"@type\":\"ImageObject\",\"inLanguage\":\"en-US\",\"@id\":\"https:\/\/cliniquego.com\/en\/#\/schema\/logo\/image\/\",\"url\":\"https:\/\/cliniquego.com\/2016\/wp-content\/uploads\/2021\/08\/Layer-1.svg\",\"contentUrl\":\"https:\/\/cliniquego.com\/2016\/wp-content\/uploads\/2021\/08\/Layer-1.svg\",\"width\":101,\"height\":85,\"caption\":\"Clinique GO\u2122\"},\"image\":{\"@id\":\"https:\/\/cliniquego.com\/en\/#\/schema\/logo\/image\/\"}}]}<\/script>\n<!-- \/ Yoast SEO plugin. -->","yoast_head_json":{"title":"In-home psychoeducation services in Montreal| Clinique GO\u2122","description":"Clinique GO\u2122 offers in-home Psychoeducation services in Montreal, including Greater Montreal, Laval, Longueuil, Monteregie and the North Shore of Montreal.","robots":{"index":"index","follow":"follow","max-snippet":"max-snippet:-1","max-image-preview":"max-image-preview:large","max-video-preview":"max-video-preview:-1"},"canonical":"https:\/\/cliniquego.com\/en\/homecare-services\/psychoeducation\/","og_locale":"en_US","og_type":"article","og_title":"In-home psychoeducation services in Montreal| Clinique GO\u2122","og_description":"Clinique GO\u2122 offers in-home Psychoeducation services in Montreal, including Greater Montreal, Laval, Longueuil, Monteregie and the North Shore of Montreal.","og_url":"https:\/\/cliniquego.com\/en\/homecare-services\/psychoeducation\/","og_site_name":"Clinique GO\u2122","article_modified_time":"2020-09-16T14:42:42+00:00","twitter_card":"summary_large_image","twitter_misc":{"Est. reading time":"3 minutes"},"schema":{"@context":"https:\/\/schema.org","@graph":[{"@type":"WebPage","@id":"https:\/\/cliniquego.com\/en\/homecare-services\/psychoeducation\/","url":"https:\/\/cliniquego.com\/en\/homecare-services\/psychoeducation\/","name":"In-home psychoeducation services in Montreal| Clinique GO\u2122","isPartOf":{"@id":"https:\/\/cliniquego.com\/en\/#website"},"datePublished":"2016-04-27T15:53:05+00:00","dateModified":"2020-09-16T14:42:42+00:00","description":"Clinique GO\u2122 offers in-home Psychoeducation services in Montreal, including Greater Montreal, Laval, Longueuil, Monteregie and the North Shore of Montreal.","breadcrumb":{"@id":"https:\/\/cliniquego.com\/en\/homecare-services\/psychoeducation\/#breadcrumb"},"inLanguage":"en-US","potentialAction":[{"@type":"ReadAction","target":["https:\/\/cliniquego.com\/en\/homecare-services\/psychoeducation\/"]}]},{"@type":"BreadcrumbList","@id":"https:\/\/cliniquego.com\/en\/homecare-services\/psychoeducation\/#breadcrumb","itemListElement":[{"@type":"ListItem","position":1,"name":"Clinique GO\u2122","item":"https:\/\/cliniquego.com\/en\/"},{"@type":"ListItem","position":2,"name":"Home care services","item":"https:\/\/cliniquego.com\/en\/homecare-services\/"},{"@type":"ListItem","position":3,"name":"Psychoeducation"}]},{"@type":"WebSite","@id":"https:\/\/cliniquego.com\/en\/#website","url":"https:\/\/cliniquego.com\/en\/","name":"Clinique GO\u2122","description":"Clinique en sant\u00e9 \u00e0 domicile et en entreprise","publisher":{"@id":"https:\/\/cliniquego.com\/en\/#organization"},"potentialAction":[{"@type":"SearchAction","target":{"@type":"EntryPoint","urlTemplate":"https:\/\/cliniquego.com\/en\/?s={search_term_string}"},"query-input":{"@type":"PropertyValueSpecification","valueRequired":true,"valueName":"search_term_string"}}],"inLanguage":"en-US"},{"@type":"Organization","@id":"https:\/\/cliniquego.com\/en\/#organization","name":"Clinique GO\u2122","url":"https:\/\/cliniquego.com\/en\/","logo":{"@type":"ImageObject","inLanguage":"en-US","@id":"https:\/\/cliniquego.com\/en\/#\/schema\/logo\/image\/","url":"https:\/\/cliniquego.com\/2016\/wp-content\/uploads\/2021\/08\/Layer-1.svg","contentUrl":"https:\/\/cliniquego.com\/2016\/wp-content\/uploads\/2021\/08\/Layer-1.svg","width":101,"height":85,"caption":"Clinique GO\u2122"},"image":{"@id":"https:\/\/cliniquego.com\/en\/#\/schema\/logo\/image\/"}}]}},"_links":{"self":[{"href":"https:\/\/cliniquego.com\/en\/wp-json\/wp\/v2\/pages\/716","targetHints":{"allow":["GET"]}}],"collection":[{"href":"https:\/\/cliniquego.com\/en\/wp-json\/wp\/v2\/pages"}],"about":[{"href":"https:\/\/cliniquego.com\/en\/wp-json\/wp\/v2\/types\/page"}],"author":[{"embeddable":true,"href":"https:\/\/cliniquego.com\/en\/wp-json\/wp\/v2\/users\/17"}],"replies":[{"embeddable":true,"href":"https:\/\/cliniquego.com\/en\/wp-json\/wp\/v2\/comments?post=716"}],"version-history":[{"count":0,"href":"https:\/\/cliniquego.com\/en\/wp-json\/wp\/v2\/pages\/716\/revisions"}],"up":[{"embeddable":true,"href":"https:\/\/cliniquego.com\/en\/wp-json\/wp\/v2\/pages\/660"}],"wp:attachment":[{"href":"https:\/\/cliniquego.com\/en\/wp-json\/wp\/v2\/media?parent=716"}],"curies":[{"name":"wp","href":"https:\/\/api.w.org\/{rel}","templated":true}]}}