{"id":666,"date":"2016-04-27T17:48:29","date_gmt":"2016-04-27T15:48:29","guid":{"rendered":"https:\/\/cliniquego.com\/homecare-services\/kinesiologie-a-domicile\/?lang=en"},"modified":"2020-09-09T20:56:56","modified_gmt":"2020-09-09T18:56:56","slug":"kinesiology","status":"publish","type":"page","link":"https:\/\/cliniquego.com\/en\/homecare-services\/kinesiology\/","title":{"rendered":"Kinesiology"},"content":{"rendered":"<div class=\"vce-row-container\"><div class=\"vce-row vce-element--has-background vce-row--col-gap-0 heading-banner vce-row-columns--top vce-row-content--top\" id=\"el-fa07fb75\" data-vce-do-apply=\"all el-fa07fb75\"><div class=\"vce-content-background-container\"><div class=\"vce-asset-background-simple-container vce-visible-all-only vce-asset-background-simple--style-cover vce-asset-background-simple--position-center-center\"><div class=\"vce-asset-background-simple\"><div class=\"vce-asset-background-simple-item\" style=\"background-image: url('https:\/\/cliniquego.com\/2016\/wp-content\/uploads\/2019\/10\/Kinesiologie_a_domicile_Montreal.jpg');\"><\/div><\/div><\/div><\/div><div class=\"vce-row-content\" data-vce-element-content=\"true\"><div class=\"vce-col vce-col--md-auto vce-col--xs-1 vce-col--xs-last vce-col--xs-first vce-col--sm-last vce-col--sm-first vce-col--md-last vce-col--lg-last vce-col--xl-last vce-col--md-first vce-col--lg-first vce-col--xl-first\" id=\"el-9e7fedc1\"><div class=\"vce-col-inner\" data-vce-do-apply=\"border margin background  el-9e7fedc1\"><div class=\"vce-col-content\" data-vce-element-content=\"true\" data-vce-do-apply=\"padding el-9e7fedc1\"><div class=\"vce-text-block max-w-600 white  font30\"><div class=\"vce-text-block-wrapper vce\" id=\"el-89c4e421\" data-vce-do-apply=\"all el-89c4e421\"><h1 style=\"text-align: center;\">KINESIOLOGY (PHYSICAL TRAINING)<\/h1><\/div><\/div><div class=\"vce-text-block max-w-880\"><div class=\"vce-text-block-wrapper vce\" id=\"el-62e77c9e\" data-vce-do-apply=\"all el-62e77c9e\"><p class=\"white-text\" style=\"text-align: center; margin: 0 auto;\">Clinique GO\u2122 offers <strong>kinesiology services in Montreal<\/strong>, including Greater <span class=\"blue-text\"><strong>Montreal<\/strong><\/span>, <span class=\"blue-text\"><strong>Laval<\/strong><\/span>&nbsp;and <span class=\"blue-text\"><strong>Longueuil.<\/strong><\/span><\/p><\/div><\/div><div class=\"vce-text-block btn-rdv-wrapper\"><div class=\"vce-text-block-wrapper vce\" id=\"el-99645ac8\" data-vce-do-apply=\"all el-99645ac8\"><p><a class=\"large-button center\" href=\"https:\/\/www.gorendezvous.com\/clinique-go\">Book Now<\/a><\/p><\/div><\/div><\/div><\/div><\/div><\/div><\/div><\/div><div class=\"vce-row-container\"><div class=\"vce-row vce-element--has-background vce-row--col-gap-0 service-list   vce-row-columns--top vce-row-content--top\" id=\"el-d5a996e3\" data-vce-do-apply=\"all el-d5a996e3\"><div class=\"vce-content-background-container\"><\/div><div class=\"vce-row-content\" data-vce-element-content=\"true\"><div class=\"vce-col vce-col--md-auto vce-col--xs-1 vce-col--xs-last vce-col--xs-first vce-col--sm-last vce-col--sm-first vce-col--md-last vce-col--lg-last vce-col--xl-last vce-col--md-first vce-col--lg-first vce-col--xl-first blue-list\" id=\"el-b8183461\"><div class=\"vce-col-inner\" data-vce-do-apply=\"border margin background  el-b8183461\"><div class=\"vce-col-content\" data-vce-element-content=\"true\" data-vce-do-apply=\"padding el-b8183461\"><div class=\"vce-row-container\"><div class=\"vce-row vce-row--col-gap-0 max-w-880 vce-row-columns--top vce-row-content--top\" id=\"el-9522cdda\" data-vce-do-apply=\"all el-9522cdda\"><div class=\"vce-row-content\" data-vce-element-content=\"true\"><div class=\"vce-col vce-col--md-auto vce-col--xs-1 vce-col--xs-last vce-col--xs-first vce-col--sm-last vce-col--sm-first vce-col--md-last vce-col--lg-last vce-col--xl-last vce-col--md-first vce-col--lg-first vce-col--xl-first\" id=\"el-90d36125\"><div class=\"vce-col-inner\" data-vce-do-apply=\"border margin background  el-90d36125\"><div class=\"vce-col-content\" data-vce-element-content=\"true\" data-vce-do-apply=\"padding el-90d36125\"><div class=\"vce-shortcode max-w-880\"><div class=\"vce-shortcode-wrapper vce\" id=\"el-5164a350\" data-vce-do-apply=\"all el-5164a350\"><span><span><a href=\"https:\/\/cliniquego.com\/en\/\">Clinique GO\u2122<\/a><\/span><\/span><\/div><\/div><div class=\"vce-text-block max-w-880\"><div class=\"vce-text-block-wrapper vce\" id=\"el-1a2f0207\" data-vce-do-apply=\"all el-1a2f0207\"><h2 class=\"vc_custom_heading max-w-880\" style=\"font-size: 40px; color: #021217; line-height: 1; text-align: left; font-family: Lato; font-weight: bold; font-style: normal;\">In-home <span class=\"blue-text\">kinesiology<\/span> (physical training)<\/h2><p style=\"text-align: justify; color: #000; line-height: 1.81; padding-bottom: 20px;\">Whether it is in the comfort of your own home, in a retirement facility or at your workplace, our team offers you tailor-made physical training programs to help improve your health.<\/p><p style=\"text-align: justify; color: #000; line-height: 1.81; padding-bottom: 20px;\">Thanks to our team of kinesiologists, you will be able to exercise the way it suits you.<\/p><p style=\"text-align: justify; color: #000; line-height: 1.81; padding-bottom: 20px;\">Clinique GO\u2122\u2019s kinesiologists are current members of the <a href=\"https:\/\/www.kinesiologue.com\/en\">F\u00e9d\u00e9ration des Kin\u00e9siologues du Qu\u00e9bec<\/a> and\/or other associations.<\/p><\/div><\/div><div class=\"vce-text-block\"><div class=\"vce-text-block-wrapper vce\" id=\"el-50a744cd\" data-vce-do-apply=\"all el-50a744cd\"><h2 class=\"vc_custom_heading max-w-880\" style=\"font-size: 40px; color: #021217; line-height: 1; text-align: left; font-family: Lato; font-weight: bold; font-style: normal;\">What is <span class=\"blue-text\">Kinesiology<\/span> ?<\/h2><p style=\"text-align: justify; color: #000; line-height: 1.81; padding-bottom: 20px;\">The number of studies demonstrating the benefits of physical activity on overall health in the 90\u2019s lead to the development of sports related disciplines.<\/p><p style=\"text-align: justify; color: #000; line-height: 1.81; padding-bottom: 20px;\">Kinesiology comes from the ancient Greek word kinesis which means movement and logie meaning science. Kinesiology is the science of movement. A kinesiologist is a health care professional specialized in physical exercise. This discipline\u2019s main interest is the body\u2019s biomechanics, the components allowing movement such as bones, muscles and joints.<\/p><p style=\"text-align: justify; color: #000; line-height: 1.81; padding-bottom: 20px;\">A kinesiologist studies movement in order to improve performance, reduce injury or to avoid physical decline due to a sedentary lifestyle. Their aim is to improve your physical conditioning, your motor skills, as well as studying different factors enabling you to perform certain kinds of sports, especially in case of an injury or illness.<\/p><\/div><\/div><div class=\"vce-text-block\"><div class=\"vce-text-block-wrapper vce\" id=\"el-d6f3a834\" data-vce-do-apply=\"all el-d6f3a834\"><center><a class=\"large-button-xd center\" href=\"https:\/\/www.gorendezvous.com\/clinique-go\" target=\"_blank\" rel=\"noopener noreferrer\">Give your health a GO! <\/a><\/center><\/div><\/div><div class=\"vce-text-block\"><div class=\"vce-text-block-wrapper vce\" id=\"el-b534ec24\" data-vce-do-apply=\"all el-b534ec24\"><h2 class=\"vc_custom_heading max-w-880\" style=\"font-size: 40px; color: #021217; line-height: 1; text-align: left; font-family: Lato; font-weight: bold; font-style: normal;\">How can a <span class=\"blue-text\">kinesiologist<\/span> help me?<\/h2><p style=\"text-align: justify; color: #000; line-height: 1.81; padding-bottom: 20px;\">A kinesiologist is able to assess your physical capabilities, as well as your ability to perform different physical activities. In order to complete your full assessment, they will evaluate your overall health, your cardiovascular capacity, your muscular endurance, your aerobic performance, your flexibility, as well as your balance.<\/p><p style=\"text-align: justify; color: #000; line-height: 1.81; padding-bottom: 20px;\">A kinesiologist is trained to measure your body weight and your body fat percentage using the body mass index and measuring skin folds.<\/p><p style=\"text-align: justify; color: #000; line-height: 1.81; padding-bottom: 20px;\">After gathering all this information, a kinesiologist is able to determine your strengths, weaknesses and recommend the best exercises for you. They are able to put together for you, a personalized training program that will improve your overall health.<\/p><\/div><\/div><div class=\"vce-text-block\"><div class=\"vce-text-block-wrapper vce\" id=\"el-3a5a018c\" data-vce-do-apply=\"all el-3a5a018c\"><h2 class=\"vc_custom_heading max-w-880\" style=\"font-size: 40px; color: #021217; line-height: 1; text-align: left; font-family: Lato; font-weight: bold; font-style: normal;\">Who may benefit from <span class=\"blue-text\">kinesiology<\/span> ?<\/h2><p style=\"text-align: justify; color: #000; line-height: 1.81; padding-bottom: 20px;\">Clinique GO\u2122\u2019s in-home kinesiology sessions are designed for all who seek to add the best suited physical activities to their lifestyles. Everyone can benefit from our kinesiology sessions: children, adults and the elderly.<\/p><p style=\"text-align: justify; color: #000; line-height: 1.81; padding-bottom: 0px;\">Anyone wishing to benefit from the following services can contact our team of kinesiologists:<\/p><ul><li>Full body and fitness assessment: body composition, cardiovascular capacity, muscular capacity, aerobic performance, endurance, flexibility, improving lifestyle, etc.<\/li><li>Advice concerning physical activities: Consultations to evaluate needs and physical limitations, advice on physical activities, health and how to live a healthy lifestyle.<\/li><li>Personalized training programs: Personal training programs adapted to the special needs and areas of weakness, how to perform an exercise correctly and safely, regular reassessments and follow-ups.<\/li><\/ul><p class=\"vc_custom_heading max-w-880\" style=\"font-size: 20px; color: #021217; line-height: 1.45; text-align: left; font-family: Lato; font-weight: normal; font-style: normal;\"><span style=\"font-size: 12pt;\">Contact us for more information.<\/span><\/p><\/div><\/div><div class=\"vce-text-block\"><div class=\"vce-text-block-wrapper vce\" id=\"el-806b4823\" data-vce-do-apply=\"all el-806b4823\"><h2 class=\"vc_custom_heading max-w-880\" style=\"font-size: 40px; color: #021217; line-height: 1; text-align: left; font-family: Lato; font-weight: bold; font-style: normal;\">Which areas do our <span class=\"blue-text\">kinesiologists<\/span> travel to?<\/h2>\n<p style=\"color: #000;\">&nbsp;<\/p>\n<p style=\"color: #000;\">Clinique GO\u2122 offer&nbsp;<strong>in-home kinesiology services in Montreal<\/strong>, including Greater <strong>Montreal<\/strong>, <strong>Laval<\/strong>&nbsp;and <strong>Longueuil.<\/strong><\/p>\n<p class=\"vc_custom_heading max-w-880\" style=\"font-size: 20px; color: #021217; line-height: 1.45; text-align: left; font-family: Lato; font-weight: normal; font-style: normal;\"><span style=\"font-size: 12pt;\">You will find all the areas we serve by clicking <a class=\"blue-text\" style=\"text-decoration: underline;\" href=\"..\/..\/territories-served\/\"><strong>here<\/strong><\/a>.<\/span><\/p><\/div><\/div><div class=\"vce-text-block\"><div class=\"vce-text-block-wrapper vce\" id=\"el-8ad8ad53\" data-vce-do-apply=\"all el-8ad8ad53\"><p><a class=\"large-button center\" href=\"https:\/\/www.gorendezvous.com\/clinique-go\">Book Now<\/a><\/p><\/div><\/div><\/div><\/div><\/div><\/div><\/div><\/div><\/div><\/div><\/div><\/div><\/div><\/div><div class=\"vce-row-container\"><div class=\"vce-row vce-row--col-gap-30 max-w-880 vce-row-columns--top vce-row-content--top\" id=\"el-7190d180\" data-vce-do-apply=\"all el-7190d180\"><div class=\"vce-row-content\" data-vce-element-content=\"true\"><div class=\"vce-col vce-col--md-auto vce-col--xs-1 vce-col--xs-last vce-col--xs-first vce-col--sm-last vce-col--sm-first vce-col--md-last vce-col--lg-last vce-col--xl-last vce-col--md-first vce-col--lg-first vce-col--xl-first\" id=\"el-40c47664\"><div class=\"vce-col-inner\" data-vce-do-apply=\"border margin background  el-40c47664\"><div class=\"vce-col-content\" data-vce-element-content=\"true\" data-vce-do-apply=\"padding el-40c47664\"><div class=\"vce-text-block\"><div class=\"vce-text-block-wrapper vce\" id=\"el-ca1263f2\" data-vce-do-apply=\"all el-ca1263f2\"><p class=\"h2\" style=\"font-size: 40px; color: #021217; line-height: 1; text-align: center; font-family: Lato; font-weight: bold; font-style: normal;\">You could also benefit from <span class=\"blue-text\">these services<\/span><\/p><p style=\"text-align: center;\">Our multidisciplinary in-home services are offered at home, in workplaces and in public and private health institutions.<\/p><\/div><\/div><div class=\"vce-text-block\"><div class=\"vce-text-block-wrapper vce\" id=\"el-aa3ff1cf\" data-vce-do-apply=\"all el-aa3ff1cf\"><div class=\"home-list\">\n  <ul>\n    <li><a href=\"\/en\/homecare-services\/acupuncture\/\">Acupuncture<\/a><\/li>\n    <li>Ergonomics<\/li>\n   \n    <li><a href=\"\/en\/homecare-services\/massage-therapy\/\">Massage therapy<\/a><\/li>\n    <li><a href=\"\/en\/homecare-services\/nutrition\/\">Nutrition<\/a><\/li>\n   \n    <li><a href=\"\/en\/homecare-services\/physiotherapy\/\">Physical therapy<\/a><\/li>\n    \n  <\/ul>\n<\/div><\/div><\/div><\/div><\/div><\/div><\/div><\/div><\/div>\n","protected":false},"excerpt":{"rendered":"<p>KINESIOLOGY (PHYSICAL TRAINING)Clinique GO\u2122 offers kinesiology services in Montreal, including Greater Montreal, Laval&nbsp;and Longueuil.Book NowIn-home kinesiology (physical training)Whether it is in the comfort of your own home, in a retirement [&hellip;]<\/p>\n","protected":false},"author":17,"featured_media":0,"parent":660,"menu_order":0,"comment_status":"closed","ping_status":"closed","template":"","meta":{"_acf_changed":false,"footnotes":""},"class_list":["post-666","page","type-page","status-publish","hentry"],"acf":[],"yoast_head":"<!-- This site is optimized with the Yoast SEO plugin v27.2 - https:\/\/yoast.com\/product\/yoast-seo-wordpress\/ -->\n<title>Clinique GO\u2122 | In-home Kinesiology services in Montreal<\/title>\n<meta name=\"description\" content=\"Clinique GO\u2122 offers kinesiology services in Montreal, including Greater Montreal, Laval, Longueuil, Monteregie and the North Shore of Montreal.\" \/>\n<meta name=\"robots\" content=\"index, follow, max-snippet:-1, max-image-preview:large, max-video-preview:-1\" \/>\n<link rel=\"canonical\" href=\"https:\/\/cliniquego.com\/en\/homecare-services\/kinesiology\/\" \/>\n<meta property=\"og:locale\" content=\"en_US\" \/>\n<meta property=\"og:type\" content=\"article\" \/>\n<meta property=\"og:title\" content=\"Clinique GO\u2122 | In-home Kinesiology services in Montreal\" \/>\n<meta property=\"og:description\" content=\"Clinique GO\u2122 offers kinesiology services in Montreal, including Greater Montreal, Laval, Longueuil, Monteregie and the North Shore of Montreal.\" \/>\n<meta property=\"og:url\" content=\"https:\/\/cliniquego.com\/en\/homecare-services\/kinesiology\/\" \/>\n<meta property=\"og:site_name\" content=\"Clinique GO\u2122\" \/>\n<meta property=\"article:modified_time\" content=\"2020-09-09T18:56:56+00:00\" \/>\n<meta name=\"twitter:card\" content=\"summary_large_image\" \/>\n<meta name=\"twitter:label1\" content=\"Est. reading time\" \/>\n\t<meta name=\"twitter:data1\" content=\"3 minutes\" \/>\n<script type=\"application\/ld+json\" class=\"yoast-schema-graph\">{\"@context\":\"https:\/\/schema.org\",\"@graph\":[{\"@type\":\"WebPage\",\"@id\":\"https:\/\/cliniquego.com\/en\/homecare-services\/kinesiology\/\",\"url\":\"https:\/\/cliniquego.com\/en\/homecare-services\/kinesiology\/\",\"name\":\"Clinique GO\u2122 | In-home Kinesiology services in Montreal\",\"isPartOf\":{\"@id\":\"https:\/\/cliniquego.com\/en\/#website\"},\"datePublished\":\"2016-04-27T15:48:29+00:00\",\"dateModified\":\"2020-09-09T18:56:56+00:00\",\"description\":\"Clinique GO\u2122 offers kinesiology services in Montreal, including Greater Montreal, Laval, Longueuil, Monteregie and the North Shore of Montreal.\",\"breadcrumb\":{\"@id\":\"https:\/\/cliniquego.com\/en\/homecare-services\/kinesiology\/#breadcrumb\"},\"inLanguage\":\"en-US\",\"potentialAction\":[{\"@type\":\"ReadAction\",\"target\":[\"https:\/\/cliniquego.com\/en\/homecare-services\/kinesiology\/\"]}]},{\"@type\":\"BreadcrumbList\",\"@id\":\"https:\/\/cliniquego.com\/en\/homecare-services\/kinesiology\/#breadcrumb\",\"itemListElement\":[{\"@type\":\"ListItem\",\"position\":1,\"name\":\"Clinique GO\u2122\",\"item\":\"https:\/\/cliniquego.com\/en\/\"},{\"@type\":\"ListItem\",\"position\":2,\"name\":\"Home care services\",\"item\":\"https:\/\/cliniquego.com\/en\/homecare-services\/\"},{\"@type\":\"ListItem\",\"position\":3,\"name\":\"Kinesiology\"}]},{\"@type\":\"WebSite\",\"@id\":\"https:\/\/cliniquego.com\/en\/#website\",\"url\":\"https:\/\/cliniquego.com\/en\/\",\"name\":\"Clinique GO\u2122\",\"description\":\"Clinique en sant\u00e9 \u00e0 domicile et en entreprise\",\"publisher\":{\"@id\":\"https:\/\/cliniquego.com\/en\/#organization\"},\"potentialAction\":[{\"@type\":\"SearchAction\",\"target\":{\"@type\":\"EntryPoint\",\"urlTemplate\":\"https:\/\/cliniquego.com\/en\/?s={search_term_string}\"},\"query-input\":{\"@type\":\"PropertyValueSpecification\",\"valueRequired\":true,\"valueName\":\"search_term_string\"}}],\"inLanguage\":\"en-US\"},{\"@type\":\"Organization\",\"@id\":\"https:\/\/cliniquego.com\/en\/#organization\",\"name\":\"Clinique GO\u2122\",\"url\":\"https:\/\/cliniquego.com\/en\/\",\"logo\":{\"@type\":\"ImageObject\",\"inLanguage\":\"en-US\",\"@id\":\"https:\/\/cliniquego.com\/en\/#\/schema\/logo\/image\/\",\"url\":\"https:\/\/cliniquego.com\/2016\/wp-content\/uploads\/2021\/08\/Layer-1.svg\",\"contentUrl\":\"https:\/\/cliniquego.com\/2016\/wp-content\/uploads\/2021\/08\/Layer-1.svg\",\"width\":101,\"height\":85,\"caption\":\"Clinique GO\u2122\"},\"image\":{\"@id\":\"https:\/\/cliniquego.com\/en\/#\/schema\/logo\/image\/\"}}]}<\/script>\n<!-- \/ Yoast SEO plugin. -->","yoast_head_json":{"title":"Clinique GO\u2122 | In-home Kinesiology services in Montreal","description":"Clinique GO\u2122 offers kinesiology services in Montreal, including Greater Montreal, Laval, Longueuil, Monteregie and the North Shore of Montreal.","robots":{"index":"index","follow":"follow","max-snippet":"max-snippet:-1","max-image-preview":"max-image-preview:large","max-video-preview":"max-video-preview:-1"},"canonical":"https:\/\/cliniquego.com\/en\/homecare-services\/kinesiology\/","og_locale":"en_US","og_type":"article","og_title":"Clinique GO\u2122 | In-home Kinesiology services in Montreal","og_description":"Clinique GO\u2122 offers kinesiology services in Montreal, including Greater Montreal, Laval, Longueuil, Monteregie and the North Shore of Montreal.","og_url":"https:\/\/cliniquego.com\/en\/homecare-services\/kinesiology\/","og_site_name":"Clinique GO\u2122","article_modified_time":"2020-09-09T18:56:56+00:00","twitter_card":"summary_large_image","twitter_misc":{"Est. reading time":"3 minutes"},"schema":{"@context":"https:\/\/schema.org","@graph":[{"@type":"WebPage","@id":"https:\/\/cliniquego.com\/en\/homecare-services\/kinesiology\/","url":"https:\/\/cliniquego.com\/en\/homecare-services\/kinesiology\/","name":"Clinique GO\u2122 | In-home Kinesiology services in Montreal","isPartOf":{"@id":"https:\/\/cliniquego.com\/en\/#website"},"datePublished":"2016-04-27T15:48:29+00:00","dateModified":"2020-09-09T18:56:56+00:00","description":"Clinique GO\u2122 offers kinesiology services in Montreal, including Greater Montreal, Laval, Longueuil, Monteregie and the North Shore of Montreal.","breadcrumb":{"@id":"https:\/\/cliniquego.com\/en\/homecare-services\/kinesiology\/#breadcrumb"},"inLanguage":"en-US","potentialAction":[{"@type":"ReadAction","target":["https:\/\/cliniquego.com\/en\/homecare-services\/kinesiology\/"]}]},{"@type":"BreadcrumbList","@id":"https:\/\/cliniquego.com\/en\/homecare-services\/kinesiology\/#breadcrumb","itemListElement":[{"@type":"ListItem","position":1,"name":"Clinique GO\u2122","item":"https:\/\/cliniquego.com\/en\/"},{"@type":"ListItem","position":2,"name":"Home care services","item":"https:\/\/cliniquego.com\/en\/homecare-services\/"},{"@type":"ListItem","position":3,"name":"Kinesiology"}]},{"@type":"WebSite","@id":"https:\/\/cliniquego.com\/en\/#website","url":"https:\/\/cliniquego.com\/en\/","name":"Clinique GO\u2122","description":"Clinique en sant\u00e9 \u00e0 domicile et en entreprise","publisher":{"@id":"https:\/\/cliniquego.com\/en\/#organization"},"potentialAction":[{"@type":"SearchAction","target":{"@type":"EntryPoint","urlTemplate":"https:\/\/cliniquego.com\/en\/?s={search_term_string}"},"query-input":{"@type":"PropertyValueSpecification","valueRequired":true,"valueName":"search_term_string"}}],"inLanguage":"en-US"},{"@type":"Organization","@id":"https:\/\/cliniquego.com\/en\/#organization","name":"Clinique GO\u2122","url":"https:\/\/cliniquego.com\/en\/","logo":{"@type":"ImageObject","inLanguage":"en-US","@id":"https:\/\/cliniquego.com\/en\/#\/schema\/logo\/image\/","url":"https:\/\/cliniquego.com\/2016\/wp-content\/uploads\/2021\/08\/Layer-1.svg","contentUrl":"https:\/\/cliniquego.com\/2016\/wp-content\/uploads\/2021\/08\/Layer-1.svg","width":101,"height":85,"caption":"Clinique GO\u2122"},"image":{"@id":"https:\/\/cliniquego.com\/en\/#\/schema\/logo\/image\/"}}]}},"_links":{"self":[{"href":"https:\/\/cliniquego.com\/en\/wp-json\/wp\/v2\/pages\/666","targetHints":{"allow":["GET"]}}],"collection":[{"href":"https:\/\/cliniquego.com\/en\/wp-json\/wp\/v2\/pages"}],"about":[{"href":"https:\/\/cliniquego.com\/en\/wp-json\/wp\/v2\/types\/page"}],"author":[{"embeddable":true,"href":"https:\/\/cliniquego.com\/en\/wp-json\/wp\/v2\/users\/17"}],"replies":[{"embeddable":true,"href":"https:\/\/cliniquego.com\/en\/wp-json\/wp\/v2\/comments?post=666"}],"version-history":[{"count":0,"href":"https:\/\/cliniquego.com\/en\/wp-json\/wp\/v2\/pages\/666\/revisions"}],"up":[{"embeddable":true,"href":"https:\/\/cliniquego.com\/en\/wp-json\/wp\/v2\/pages\/660"}],"wp:attachment":[{"href":"https:\/\/cliniquego.com\/en\/wp-json\/wp\/v2\/media?parent=666"}],"curies":[{"name":"wp","href":"https:\/\/api.w.org\/{rel}","templated":true}]}}