{"id":6295,"date":"2019-11-07T08:41:20","date_gmt":"2019-11-07T07:41:20","guid":{"rendered":"https:\/\/cliniquego.com\/?page_id=6295"},"modified":"2022-02-14T15:19:49","modified_gmt":"2022-02-14T14:19:49","slug":"health-marketing","status":"publish","type":"page","link":"https:\/\/cliniquego.com\/en\/health-marketing\/","title":{"rendered":"health marketing"},"content":{"rendered":"<div class=\"vce-row-container\" data-vce-boxed-width=\"true\"><div class=\"vce-row vce-element--has-background vce-row--col-gap-0 heading-banner vce-row-content--top\" id=\"el-b6039ede\" data-vce-do-apply=\"all el-b6039ede\"><div class=\"vce-content-background-container\"><div class=\"vce-asset-background-simple-container vce-visible-all-only vce-asset-background-simple--style-cover vce-asset-background-simple--position-center-top\"><div class=\"vce-asset-background-simple\">\n              <div style='background-image: url(\"https:\/\/cliniquego.com\/2016\/wp-content\/uploads\/2021\/08\/header-home.png\");'  class=\"vce-asset-background-simple-item vcv-lozad\" ><\/div>\n              <noscript>\n                <div class=\"vce-asset-background-simple-item\" style=\"background-image: url(https:\/\/cliniquego.com\/2016\/wp-content\/uploads\/2021\/08\/header-home.png)\"><\/div>\n              <\/noscript>\n            <\/div><\/div><\/div><div class=\"vce-row-content\" data-vce-element-content=\"true\"><div class=\"vce-col vce-col--md-auto vce-col--xs-1 vce-col--xs-last vce-col--xs-first vce-col--sm-last vce-col--sm-first vce-col--md-last vce-col--lg-last vce-col--xl-last vce-col--md-first vce-col--lg-first vce-col--xl-first pt-275 pb-275 ptb-230\" id=\"el-ee93755f\"><div class=\"vce-col-inner\" data-vce-do-apply=\"border margin background  el-ee93755f\"><div class=\"vce-content-background-container\"><\/div><div class=\"vce-col-content\" data-vce-element-content=\"true\" data-vce-do-apply=\"padding el-ee93755f\"><div class=\"vce-text-block white center fs30 blackl uppercase lh40 pb-60 \"><div class=\"vce-text-block-wrapper vce\" id=\"el-3a81e7a8\" data-vce-do-apply=\"all el-3a81e7a8\">health marketing<\/div><\/div><\/div><\/div><\/div><\/div><\/div><\/div><div class=\"vce-row-container\" data-vce-boxed-width=\"true\"><div class=\"vce-row vce-element--has-background vce-row--col-gap-0 vce-row-content--top vcv-state--show-resizer\" id=\"el-d76f8d52\" data-vce-do-apply=\"all el-d76f8d52\"><div class=\"vce-content-background-container\"><\/div><div class=\"vce-row-content\" data-vce-element-content=\"true\"><div class=\"vce-col vce-col--md-auto vce-col--xs-1 vce-col--xs-last vce-col--xs-first vce-col--sm-last vce-col--sm-first vce-col--md-last vce-col--lg-last vce-col--xl-last vce-col--md-first vce-col--lg-first vce-col--xl-first max-1200\" id=\"el-f1b6ef32\"><div class=\"vce-col-inner\" data-vce-do-apply=\"border margin background  el-f1b6ef32\"><div class=\"vce-content-background-container\"><\/div><div class=\"vce-col-content\" data-vce-element-content=\"true\" data-vce-do-apply=\"padding el-f1b6ef32\"><div class=\"vce-raw-html\"><div class=\"vce-raw-html-wrapper\" id=\"el-cb49ce8b\" data-vce-do-apply=\"all el-cb49ce8b\"><script>\ndocument.addEventListener( 'wpcf7submit', function( event ) {\n    alert('submit');\n}, false );\n<\/script><\/div><\/div><div class=\"vce-shortcode max-w-1088\"><div class=\"vce-shortcode-wrapper vce\" id=\"el-1ff1626a\" data-vce-do-apply=\"all el-1ff1626a\"><span><span><a href=\"https:\/\/cliniquego.com\/en\/\">Clinique GO\u2122<\/a><\/span><\/span><\/div><\/div><div class=\"vce-text-block fs40 bold lh48 max-w-1088 pt-80 pb-30\"><div class=\"vce-text-block-wrapper vce\" id=\"el-8757db09\" data-vce-do-apply=\"all el-8757db09\"><h1 style=\"text-align: center;\"><strong>A new way of communicating, health marketing<\/strong><\/h1><\/div><\/div><div class=\"vce vce-separator-container pb-40 vce-separator--align-center vce-separator--style-solid\" id=\"el-866f0d00\" data-vce-do-apply=\"margin el-866f0d00\"><div class=\"vce-separator vce-separator--color-b-32-146-201 vce-separator--width-5 vce-separator--thickness-4\" data-vce-do-apply=\"border padding background  el-866f0d00\"><\/div><\/div><div class=\"vce-text-block max-w-1088\"><div class=\"vce-text-block-wrapper vce\" id=\"el-218315f4\" data-vce-do-apply=\"all el-218315f4\">Competition is raging in all areas, as is the case in the health sector. To deal with this, health professionals must be creative and stand out from their peers. Since in most cases the skills are the same, you have to look at another aspect of the business: customer relationship. A good relationship with the client allows the latter to have confidence in the practitioner and encourages him to come back to see him the next time he needs a healthcare provider. For contact to exist, it is necessary to attract the public's attention by various means and in particular through digital communication. Here are some other specificities of health marketing.<br><h2 class=\"fs30 bold lh29 pt-30\">Getting the customer\u2019s attention<\/h2><br>The communication agency, located in Quebec, is familiar with the issues of good communication for a health professional. As each of them is a representative of their profession, they must show respect and empathy towards their patients. In order to show these characteristics, it is necessary to display a reassuring and up-to-date image. The reassuring image will be illustrated by quality content and a personalized display of websites and other online accounts (Dacebook, LinkedIn, etc.). As for the current image, mastering new communication technologies is important. An obvious example is the ability to view content on all connected devices (tablet, smartphone, computer, etc.). The professionals at Virus Sant\u00e9 Communication have the necessary skills to ensure that you are visible to everyone, whether at regional, national or international level.<br><h2 class=\"fs30 bold lh29 pt-30\">Building trust and confidence<\/h2><br>Once the target audience's attention is captured, it must be maintained and a climate of trust needs to be established between the practitioner and his patient. To accomplish this, it is necessary to maintain constant interaction. Thanks to social medias, the Virus Sant\u00e9 Communication agency team interacts with Internet users who understand that they can count on the practitioner in case they have any questions, doubts or apprehensions. Even if this contact is only virtual, it has a significant impact on future patients. They talk to each other and the practitioner's notoriety will increase as interactions progress. In the meantime, current customers are returning and will no longer want to go elsewhere, which builds loyalty.<br><h2 class=\"fs30 bold lh29 pt-30\">Prove your expertise<\/h2><br>Once digital communication is well established, it is essential that the same atmosphere of serenity is reflected in the practice or private clinic that has been promoted. Otherwise, patients would be disappointed and loyalty would be non-existent. In fact, it is not enough to be a good health practitioner to maintain the clientele, you must also know how to communicate. Various types of people can visit a medical practice: children, adults, the elderly. All these people have different personalities. Adaptability is a significant quality in a practitioner because it is necessary to know how to reassure, inform and explain to the patient what is happening to him.<\/div><\/div><div class=\"vce-single-image-container vce-single-image--align-center\"><div class=\"vce vce-single-image-wrapper\" id=\"el-01efc567\" data-vce-do-apply=\"all el-01efc567\"><figure><a href=\"https:\/\/virussantecommunication.ca\/\" title=\"\" target=\"_blank\" class=\"vce-single-image-inner vce-single-image--absolute\" rel=\"noopener\"><img decoding=\"async\" class=\"vce-single-image\" src=\"https:\/\/go22.viruscomm.dev\/2016\/wp-content\/uploads\/2020\/12\/logo_viruscomm.png\" data-img-src=\"https:\/\/go22.viruscomm.dev\/2016\/wp-content\/uploads\/2020\/12\/logo_viruscomm.png\" alt=\"Virus Sant\u00e9 Communication - Agence sp\u00e9cialis\u00e9e en marketing sant\u00e9\" title=\"Virus Sant\u00e9 Communication - Agence sp\u00e9cialis\u00e9e en marketing sant\u00e9\"><\/a><figcaption hidden=\"\"><\/figcaption><\/figure><\/div><\/div><\/div><\/div><\/div><\/div><\/div><\/div>\n","protected":false},"excerpt":{"rendered":"<p>health marketingA new way of communicating, health marketingCompetition is raging in all areas, as is the case in the health sector. To deal with this, health professionals must be creative [&hellip;]<\/p>\n","protected":false},"author":17,"featured_media":0,"parent":0,"menu_order":0,"comment_status":"closed","ping_status":"closed","template":"","meta":{"_acf_changed":false,"footnotes":""},"class_list":["post-6295","page","type-page","status-publish","hentry"],"acf":[],"yoast_head":"<!-- This site is optimized with the Yoast SEO plugin v27.2 - https:\/\/yoast.com\/product\/yoast-seo-wordpress\/ -->\n<title>Clinique GO\u2122 - health marketing<\/title>\n<meta name=\"description\" content=\"Our partners in health marketing. Click to learn more about them\" \/>\n<meta name=\"robots\" content=\"index, follow, max-snippet:-1, max-image-preview:large, max-video-preview:-1\" \/>\n<link rel=\"canonical\" href=\"https:\/\/cliniquego.com\/en\/health-marketing\/\" \/>\n<meta property=\"og:locale\" content=\"en_US\" \/>\n<meta property=\"og:type\" content=\"article\" \/>\n<meta property=\"og:title\" content=\"Clinique GO\u2122 - health marketing\" \/>\n<meta property=\"og:description\" content=\"Our partners in health marketing. Click to learn more about them\" \/>\n<meta property=\"og:url\" content=\"https:\/\/cliniquego.com\/en\/health-marketing\/\" \/>\n<meta property=\"og:site_name\" content=\"Clinique GO\u2122\" \/>\n<meta property=\"article:modified_time\" content=\"2022-02-14T14:19:49+00:00\" \/>\n<meta property=\"og:image\" content=\"https:\/\/go22.viruscomm.dev\/2016\/wp-content\/uploads\/2020\/12\/logo_viruscomm.png\" \/>\n<meta name=\"twitter:card\" content=\"summary_large_image\" \/>\n<meta name=\"twitter:label1\" content=\"Est. reading time\" \/>\n\t<meta name=\"twitter:data1\" content=\"2 minutes\" \/>\n<script type=\"application\/ld+json\" class=\"yoast-schema-graph\">{\"@context\":\"https:\/\/schema.org\",\"@graph\":[{\"@type\":\"WebPage\",\"@id\":\"https:\/\/cliniquego.com\/en\/health-marketing\/\",\"url\":\"https:\/\/cliniquego.com\/en\/health-marketing\/\",\"name\":\"Clinique GO\u2122 - health marketing\",\"isPartOf\":{\"@id\":\"https:\/\/cliniquego.com\/en\/#website\"},\"primaryImageOfPage\":{\"@id\":\"https:\/\/cliniquego.com\/en\/health-marketing\/#primaryimage\"},\"image\":{\"@id\":\"https:\/\/cliniquego.com\/en\/health-marketing\/#primaryimage\"},\"thumbnailUrl\":\"https:\/\/go22.viruscomm.dev\/2016\/wp-content\/uploads\/2020\/12\/logo_viruscomm.png\",\"datePublished\":\"2019-11-07T07:41:20+00:00\",\"dateModified\":\"2022-02-14T14:19:49+00:00\",\"description\":\"Our partners in health marketing. Click to learn more about them\",\"breadcrumb\":{\"@id\":\"https:\/\/cliniquego.com\/en\/health-marketing\/#breadcrumb\"},\"inLanguage\":\"en-US\",\"potentialAction\":[{\"@type\":\"ReadAction\",\"target\":[\"https:\/\/cliniquego.com\/en\/health-marketing\/\"]}]},{\"@type\":\"ImageObject\",\"inLanguage\":\"en-US\",\"@id\":\"https:\/\/cliniquego.com\/en\/health-marketing\/#primaryimage\",\"url\":\"https:\/\/go22.viruscomm.dev\/2016\/wp-content\/uploads\/2020\/12\/logo_viruscomm.png\",\"contentUrl\":\"https:\/\/go22.viruscomm.dev\/2016\/wp-content\/uploads\/2020\/12\/logo_viruscomm.png\"},{\"@type\":\"BreadcrumbList\",\"@id\":\"https:\/\/cliniquego.com\/en\/health-marketing\/#breadcrumb\",\"itemListElement\":[{\"@type\":\"ListItem\",\"position\":1,\"name\":\"Clinique GO\u2122\",\"item\":\"https:\/\/cliniquego.com\/en\/\"},{\"@type\":\"ListItem\",\"position\":2,\"name\":\"health marketing\"}]},{\"@type\":\"WebSite\",\"@id\":\"https:\/\/cliniquego.com\/en\/#website\",\"url\":\"https:\/\/cliniquego.com\/en\/\",\"name\":\"Clinique GO\u2122\",\"description\":\"Clinique en sant\u00e9 \u00e0 domicile et en entreprise\",\"publisher\":{\"@id\":\"https:\/\/cliniquego.com\/en\/#organization\"},\"potentialAction\":[{\"@type\":\"SearchAction\",\"target\":{\"@type\":\"EntryPoint\",\"urlTemplate\":\"https:\/\/cliniquego.com\/en\/?s={search_term_string}\"},\"query-input\":{\"@type\":\"PropertyValueSpecification\",\"valueRequired\":true,\"valueName\":\"search_term_string\"}}],\"inLanguage\":\"en-US\"},{\"@type\":\"Organization\",\"@id\":\"https:\/\/cliniquego.com\/en\/#organization\",\"name\":\"Clinique GO\u2122\",\"url\":\"https:\/\/cliniquego.com\/en\/\",\"logo\":{\"@type\":\"ImageObject\",\"inLanguage\":\"en-US\",\"@id\":\"https:\/\/cliniquego.com\/en\/#\/schema\/logo\/image\/\",\"url\":\"https:\/\/cliniquego.com\/2016\/wp-content\/uploads\/2021\/08\/Layer-1.svg\",\"contentUrl\":\"https:\/\/cliniquego.com\/2016\/wp-content\/uploads\/2021\/08\/Layer-1.svg\",\"width\":101,\"height\":85,\"caption\":\"Clinique GO\u2122\"},\"image\":{\"@id\":\"https:\/\/cliniquego.com\/en\/#\/schema\/logo\/image\/\"}}]}<\/script>\n<!-- \/ Yoast SEO plugin. -->","yoast_head_json":{"title":"Clinique GO\u2122 - health marketing","description":"Our partners in health marketing. Click to learn more about them","robots":{"index":"index","follow":"follow","max-snippet":"max-snippet:-1","max-image-preview":"max-image-preview:large","max-video-preview":"max-video-preview:-1"},"canonical":"https:\/\/cliniquego.com\/en\/health-marketing\/","og_locale":"en_US","og_type":"article","og_title":"Clinique GO\u2122 - health marketing","og_description":"Our partners in health marketing. Click to learn more about them","og_url":"https:\/\/cliniquego.com\/en\/health-marketing\/","og_site_name":"Clinique GO\u2122","article_modified_time":"2022-02-14T14:19:49+00:00","og_image":[{"url":"https:\/\/go22.viruscomm.dev\/2016\/wp-content\/uploads\/2020\/12\/logo_viruscomm.png","type":"","width":"","height":""}],"twitter_card":"summary_large_image","twitter_misc":{"Est. reading time":"2 minutes"},"schema":{"@context":"https:\/\/schema.org","@graph":[{"@type":"WebPage","@id":"https:\/\/cliniquego.com\/en\/health-marketing\/","url":"https:\/\/cliniquego.com\/en\/health-marketing\/","name":"Clinique GO\u2122 - health marketing","isPartOf":{"@id":"https:\/\/cliniquego.com\/en\/#website"},"primaryImageOfPage":{"@id":"https:\/\/cliniquego.com\/en\/health-marketing\/#primaryimage"},"image":{"@id":"https:\/\/cliniquego.com\/en\/health-marketing\/#primaryimage"},"thumbnailUrl":"https:\/\/go22.viruscomm.dev\/2016\/wp-content\/uploads\/2020\/12\/logo_viruscomm.png","datePublished":"2019-11-07T07:41:20+00:00","dateModified":"2022-02-14T14:19:49+00:00","description":"Our partners in health marketing. Click to learn more about them","breadcrumb":{"@id":"https:\/\/cliniquego.com\/en\/health-marketing\/#breadcrumb"},"inLanguage":"en-US","potentialAction":[{"@type":"ReadAction","target":["https:\/\/cliniquego.com\/en\/health-marketing\/"]}]},{"@type":"ImageObject","inLanguage":"en-US","@id":"https:\/\/cliniquego.com\/en\/health-marketing\/#primaryimage","url":"https:\/\/go22.viruscomm.dev\/2016\/wp-content\/uploads\/2020\/12\/logo_viruscomm.png","contentUrl":"https:\/\/go22.viruscomm.dev\/2016\/wp-content\/uploads\/2020\/12\/logo_viruscomm.png"},{"@type":"BreadcrumbList","@id":"https:\/\/cliniquego.com\/en\/health-marketing\/#breadcrumb","itemListElement":[{"@type":"ListItem","position":1,"name":"Clinique GO\u2122","item":"https:\/\/cliniquego.com\/en\/"},{"@type":"ListItem","position":2,"name":"health marketing"}]},{"@type":"WebSite","@id":"https:\/\/cliniquego.com\/en\/#website","url":"https:\/\/cliniquego.com\/en\/","name":"Clinique GO\u2122","description":"Clinique en sant\u00e9 \u00e0 domicile et en entreprise","publisher":{"@id":"https:\/\/cliniquego.com\/en\/#organization"},"potentialAction":[{"@type":"SearchAction","target":{"@type":"EntryPoint","urlTemplate":"https:\/\/cliniquego.com\/en\/?s={search_term_string}"},"query-input":{"@type":"PropertyValueSpecification","valueRequired":true,"valueName":"search_term_string"}}],"inLanguage":"en-US"},{"@type":"Organization","@id":"https:\/\/cliniquego.com\/en\/#organization","name":"Clinique GO\u2122","url":"https:\/\/cliniquego.com\/en\/","logo":{"@type":"ImageObject","inLanguage":"en-US","@id":"https:\/\/cliniquego.com\/en\/#\/schema\/logo\/image\/","url":"https:\/\/cliniquego.com\/2016\/wp-content\/uploads\/2021\/08\/Layer-1.svg","contentUrl":"https:\/\/cliniquego.com\/2016\/wp-content\/uploads\/2021\/08\/Layer-1.svg","width":101,"height":85,"caption":"Clinique GO\u2122"},"image":{"@id":"https:\/\/cliniquego.com\/en\/#\/schema\/logo\/image\/"}}]}},"_links":{"self":[{"href":"https:\/\/cliniquego.com\/en\/wp-json\/wp\/v2\/pages\/6295","targetHints":{"allow":["GET"]}}],"collection":[{"href":"https:\/\/cliniquego.com\/en\/wp-json\/wp\/v2\/pages"}],"about":[{"href":"https:\/\/cliniquego.com\/en\/wp-json\/wp\/v2\/types\/page"}],"author":[{"embeddable":true,"href":"https:\/\/cliniquego.com\/en\/wp-json\/wp\/v2\/users\/17"}],"replies":[{"embeddable":true,"href":"https:\/\/cliniquego.com\/en\/wp-json\/wp\/v2\/comments?post=6295"}],"version-history":[{"count":0,"href":"https:\/\/cliniquego.com\/en\/wp-json\/wp\/v2\/pages\/6295\/revisions"}],"wp:attachment":[{"href":"https:\/\/cliniquego.com\/en\/wp-json\/wp\/v2\/media?parent=6295"}],"curies":[{"name":"wp","href":"https:\/\/api.w.org\/{rel}","templated":true}]}}